{"id":3502,"date":"2025-03-18T21:53:57","date_gmt":"2025-03-18T18:53:57","guid":{"rendered":"http:\/\/claude.6p-marketing.de\/?post_type=product&#038;p=3502"},"modified":"2025-04-23T18:05:46","modified_gmt":"2025-04-23T18:05:46","slug":"dip-bars","status":"publish","type":"product","link":"https:\/\/waterwaze.ca\/fr\/product\/dip-bars\/","title":{"rendered":"Dip Bars"},"content":{"rendered":"<div class=\"text-top\">\n<p>Vous vous souvenez des barres parall\u00e8les de la discipline olympique ? Aujourd&rsquo;hui, vous pouvez l&rsquo;essayer vous-m\u00eame, et m\u00eame sur l&rsquo;eau, ce qui rend l&rsquo;exp\u00e9rience encore plus excitante. Glissez et \u00e9claboussez-vous !<\/p>\n<\/div>\n","protected":false},"excerpt":{"rendered":"<p>Des bras forts sont n\u00e9cessaires<\/p>\n","protected":false},"featured_media":3336,"comment_status":"open","ping_status":"closed","template":"","meta":{"_acf_changed":false,"site-sidebar-layout":"default","site-content-layout":"","ast-site-content-layout":"default","site-content-style":"default","site-sidebar-style":"default","ast-global-header-display":"","ast-banner-title-visibility":"","ast-main-header-display":"","ast-hfb-above-header-display":"","ast-hfb-below-header-display":"","ast-hfb-mobile-header-display":"","site-post-title":"","ast-breadcrumbs-content":"","ast-featured-img":"","footer-sml-layout":"","ast-disable-related-posts":"","theme-transparent-header-meta":"default","adv-header-id-meta":"","stick-header-meta":"","header-above-stick-meta":"","header-main-stick-meta":"","header-below-stick-meta":"","astra-migrate-meta-layouts":"default","ast-page-background-enabled":"default","ast-page-background-meta":{"desktop":{"background-color":"","background-image":"","background-repeat":"repeat","background-position":"center center","background-size":"auto","background-attachment":"scroll","background-type":"","background-media":"","overlay-type":"","overlay-color":"","overlay-opacity":"","overlay-gradient":""},"tablet":{"background-color":"","background-image":"","background-repeat":"repeat","background-position":"center center","background-size":"auto","background-attachment":"scroll","background-type":"","background-media":"","overlay-type":"","overlay-color":"","overlay-opacity":"","overlay-gradient":""},"mobile":{"background-color":"","background-image":"","background-repeat":"repeat","background-position":"center center","background-size":"auto","background-attachment":"scroll","background-type":"","background-media":"","overlay-type":"","overlay-color":"","overlay-opacity":"","overlay-gradient":""}},"ast-content-background-meta":{"desktop":{"background-color":"var(--ast-global-color-5)","background-image":"","background-repeat":"repeat","background-position":"center center","background-size":"auto","background-attachment":"scroll","background-type":"","background-media":"","overlay-type":"","overlay-color":"","overlay-opacity":"","overlay-gradient":""},"tablet":{"background-color":"var(--ast-global-color-5)","background-image":"","background-repeat":"repeat","background-position":"center center","background-size":"auto","background-attachment":"scroll","background-type":"","background-media":"","overlay-type":"","overlay-color":"","overlay-opacity":"","overlay-gradient":""},"mobile":{"background-color":"var(--ast-global-color-5)","background-image":"","background-repeat":"repeat","background-position":"center center","background-size":"auto","background-attachment":"scroll","background-type":"","background-media":"","overlay-type":"","overlay-color":"","overlay-opacity":"","overlay-gradient":""}}},"product_brand":[],"product_cat":[57,60],"product_tag":[],"class_list":{"0":"post-3502","1":"product","2":"type-product","3":"status-publish","4":"has-post-thumbnail","6":"product_cat-eau-libre","7":"product_cat-piscine-commerciale","8":"desktop-align-left","9":"tablet-align-left","10":"mobile-align-left","11":"ast-product-gallery-layout-horizontal-slider","12":"ast-product-gallery-with-no-image","14":"first","15":"instock","16":"shipping-taxable","17":"purchasable","18":"product-type-simple"},"acf":[],"yoast_head":"<!-- This site is optimized with the Yoast SEO plugin v27.3 - https:\/\/yoast.com\/product\/yoast-seo-wordpress\/ -->\n<title>Dip Bars - waterwaze<\/title>\n<meta name=\"robots\" content=\"index, follow, max-snippet:-1, max-image-preview:large, max-video-preview:-1\" \/>\n<link rel=\"canonical\" href=\"https:\/\/waterwaze.ca\/fr\/product\/dip-bars\/\" \/>\n<meta property=\"og:locale\" content=\"fr_FR\" \/>\n<meta property=\"og:type\" content=\"article\" \/>\n<meta property=\"og:title\" content=\"Dip Bars - waterwaze\" \/>\n<meta property=\"og:description\" content=\"Des bras forts sont n\u00e9cessaires\" \/>\n<meta property=\"og:url\" content=\"https:\/\/waterwaze.ca\/fr\/product\/dip-bars\/\" \/>\n<meta property=\"og:site_name\" content=\"waterwaze\" \/>\n<meta property=\"article:modified_time\" content=\"2025-04-23T18:05:46+00:00\" \/>\n<meta property=\"og:image\" content=\"https:\/\/waterwaze.ca\/wp-content\/uploads\/2025\/03\/30156_DipBars_003-scaled-1.jpg\" \/>\n\t<meta property=\"og:image:width\" content=\"2560\" \/>\n\t<meta property=\"og:image:height\" content=\"1707\" \/>\n\t<meta property=\"og:image:type\" content=\"image\/jpeg\" \/>\n<meta name=\"twitter:card\" content=\"summary_large_image\" \/>\n<script type=\"application\/ld+json\" class=\"yoast-schema-graph\">{\"@context\":\"https:\\\/\\\/schema.org\",\"@graph\":[{\"@type\":\"WebPage\",\"@id\":\"https:\\\/\\\/waterwaze.ca\\\/fr\\\/product\\\/dip-bars\\\/\",\"url\":\"https:\\\/\\\/waterwaze.ca\\\/fr\\\/product\\\/dip-bars\\\/\",\"name\":\"Dip Bars - waterwaze\",\"isPartOf\":{\"@id\":\"https:\\\/\\\/waterwaze.ca\\\/#website\"},\"primaryImageOfPage\":{\"@id\":\"https:\\\/\\\/waterwaze.ca\\\/fr\\\/product\\\/dip-bars\\\/#primaryimage\"},\"image\":{\"@id\":\"https:\\\/\\\/waterwaze.ca\\\/fr\\\/product\\\/dip-bars\\\/#primaryimage\"},\"thumbnailUrl\":\"https:\\\/\\\/waterwaze.ca\\\/wp-content\\\/uploads\\\/2025\\\/03\\\/30156_DipBars_003-scaled-1.jpg\",\"datePublished\":\"2025-03-18T18:53:57+00:00\",\"dateModified\":\"2025-04-23T18:05:46+00:00\",\"breadcrumb\":{\"@id\":\"https:\\\/\\\/waterwaze.ca\\\/fr\\\/product\\\/dip-bars\\\/#breadcrumb\"},\"inLanguage\":\"fr-FR\",\"potentialAction\":[{\"@type\":\"ReadAction\",\"target\":[\"https:\\\/\\\/waterwaze.ca\\\/fr\\\/product\\\/dip-bars\\\/\"]}]},{\"@type\":\"ImageObject\",\"inLanguage\":\"fr-FR\",\"@id\":\"https:\\\/\\\/waterwaze.ca\\\/fr\\\/product\\\/dip-bars\\\/#primaryimage\",\"url\":\"https:\\\/\\\/waterwaze.ca\\\/wp-content\\\/uploads\\\/2025\\\/03\\\/30156_DipBars_003-scaled-1.jpg\",\"contentUrl\":\"https:\\\/\\\/waterwaze.ca\\\/wp-content\\\/uploads\\\/2025\\\/03\\\/30156_DipBars_003-scaled-1.jpg\",\"width\":2560,\"height\":1707},{\"@type\":\"BreadcrumbList\",\"@id\":\"https:\\\/\\\/waterwaze.ca\\\/fr\\\/product\\\/dip-bars\\\/#breadcrumb\",\"itemListElement\":[{\"@type\":\"ListItem\",\"position\":1,\"name\":\"Home\",\"item\":\"https:\\\/\\\/waterwaze.ca\\\/\"},{\"@type\":\"ListItem\",\"position\":2,\"name\":\"Boutique\",\"item\":\"https:\\\/\\\/waterwaze.ca\\\/shop\\\/\"},{\"@type\":\"ListItem\",\"position\":3,\"name\":\"Dip Bars\"}]},{\"@type\":\"WebSite\",\"@id\":\"https:\\\/\\\/waterwaze.ca\\\/#website\",\"url\":\"https:\\\/\\\/waterwaze.ca\\\/\",\"name\":\"waterwaze\",\"description\":\"CANADA\u2019S OPEN WATER &amp; COMMERCIAL POOL EXPERT\",\"publisher\":{\"@id\":\"https:\\\/\\\/waterwaze.ca\\\/#organization\"},\"potentialAction\":[{\"@type\":\"SearchAction\",\"target\":{\"@type\":\"EntryPoint\",\"urlTemplate\":\"https:\\\/\\\/waterwaze.ca\\\/?s={search_term_string}\"},\"query-input\":{\"@type\":\"PropertyValueSpecification\",\"valueRequired\":true,\"valueName\":\"search_term_string\"}}],\"inLanguage\":\"fr-FR\"},{\"@type\":\"Organization\",\"@id\":\"https:\\\/\\\/waterwaze.ca\\\/#organization\",\"name\":\"waterwaze\",\"url\":\"https:\\\/\\\/waterwaze.ca\\\/\",\"logo\":{\"@type\":\"ImageObject\",\"inLanguage\":\"fr-FR\",\"@id\":\"https:\\\/\\\/waterwaze.ca\\\/#\\\/schema\\\/logo\\\/image\\\/\",\"url\":\"https:\\\/\\\/waterwaze.ca\\\/wp-content\\\/uploads\\\/2025\\\/02\\\/cropped-WaterWazeLogo-2.webp\",\"contentUrl\":\"https:\\\/\\\/waterwaze.ca\\\/wp-content\\\/uploads\\\/2025\\\/02\\\/cropped-WaterWazeLogo-2.webp\",\"width\":500,\"height\":208,\"caption\":\"waterwaze\"},\"image\":{\"@id\":\"https:\\\/\\\/waterwaze.ca\\\/#\\\/schema\\\/logo\\\/image\\\/\"}}]}<\/script>\n<!-- \/ Yoast SEO plugin. -->","yoast_head_json":{"title":"Dip Bars - waterwaze","robots":{"index":"index","follow":"follow","max-snippet":"max-snippet:-1","max-image-preview":"max-image-preview:large","max-video-preview":"max-video-preview:-1"},"canonical":"https:\/\/waterwaze.ca\/fr\/product\/dip-bars\/","og_locale":"fr_FR","og_type":"article","og_title":"Dip Bars - waterwaze","og_description":"Des bras forts sont n\u00e9cessaires","og_url":"https:\/\/waterwaze.ca\/fr\/product\/dip-bars\/","og_site_name":"waterwaze","article_modified_time":"2025-04-23T18:05:46+00:00","og_image":[{"width":2560,"height":1707,"url":"https:\/\/waterwaze.ca\/wp-content\/uploads\/2025\/03\/30156_DipBars_003-scaled-1.jpg","type":"image\/jpeg"}],"twitter_card":"summary_large_image","schema":{"@context":"https:\/\/schema.org","@graph":[{"@type":"WebPage","@id":"https:\/\/waterwaze.ca\/fr\/product\/dip-bars\/","url":"https:\/\/waterwaze.ca\/fr\/product\/dip-bars\/","name":"Dip Bars - waterwaze","isPartOf":{"@id":"https:\/\/waterwaze.ca\/#website"},"primaryImageOfPage":{"@id":"https:\/\/waterwaze.ca\/fr\/product\/dip-bars\/#primaryimage"},"image":{"@id":"https:\/\/waterwaze.ca\/fr\/product\/dip-bars\/#primaryimage"},"thumbnailUrl":"https:\/\/waterwaze.ca\/wp-content\/uploads\/2025\/03\/30156_DipBars_003-scaled-1.jpg","datePublished":"2025-03-18T18:53:57+00:00","dateModified":"2025-04-23T18:05:46+00:00","breadcrumb":{"@id":"https:\/\/waterwaze.ca\/fr\/product\/dip-bars\/#breadcrumb"},"inLanguage":"fr-FR","potentialAction":[{"@type":"ReadAction","target":["https:\/\/waterwaze.ca\/fr\/product\/dip-bars\/"]}]},{"@type":"ImageObject","inLanguage":"fr-FR","@id":"https:\/\/waterwaze.ca\/fr\/product\/dip-bars\/#primaryimage","url":"https:\/\/waterwaze.ca\/wp-content\/uploads\/2025\/03\/30156_DipBars_003-scaled-1.jpg","contentUrl":"https:\/\/waterwaze.ca\/wp-content\/uploads\/2025\/03\/30156_DipBars_003-scaled-1.jpg","width":2560,"height":1707},{"@type":"BreadcrumbList","@id":"https:\/\/waterwaze.ca\/fr\/product\/dip-bars\/#breadcrumb","itemListElement":[{"@type":"ListItem","position":1,"name":"Home","item":"https:\/\/waterwaze.ca\/"},{"@type":"ListItem","position":2,"name":"Boutique","item":"https:\/\/waterwaze.ca\/shop\/"},{"@type":"ListItem","position":3,"name":"Dip Bars"}]},{"@type":"WebSite","@id":"https:\/\/waterwaze.ca\/#website","url":"https:\/\/waterwaze.ca\/","name":"waterwaze","description":"CANADA\u2019S OPEN WATER &amp; COMMERCIAL POOL EXPERT","publisher":{"@id":"https:\/\/waterwaze.ca\/#organization"},"potentialAction":[{"@type":"SearchAction","target":{"@type":"EntryPoint","urlTemplate":"https:\/\/waterwaze.ca\/?s={search_term_string}"},"query-input":{"@type":"PropertyValueSpecification","valueRequired":true,"valueName":"search_term_string"}}],"inLanguage":"fr-FR"},{"@type":"Organization","@id":"https:\/\/waterwaze.ca\/#organization","name":"waterwaze","url":"https:\/\/waterwaze.ca\/","logo":{"@type":"ImageObject","inLanguage":"fr-FR","@id":"https:\/\/waterwaze.ca\/#\/schema\/logo\/image\/","url":"https:\/\/waterwaze.ca\/wp-content\/uploads\/2025\/02\/cropped-WaterWazeLogo-2.webp","contentUrl":"https:\/\/waterwaze.ca\/wp-content\/uploads\/2025\/02\/cropped-WaterWazeLogo-2.webp","width":500,"height":208,"caption":"waterwaze"},"image":{"@id":"https:\/\/waterwaze.ca\/#\/schema\/logo\/image\/"}}]}},"_links":{"self":[{"href":"https:\/\/waterwaze.ca\/fr\/wp-json\/wp\/v2\/product\/3502","targetHints":{"allow":["GET"]}}],"collection":[{"href":"https:\/\/waterwaze.ca\/fr\/wp-json\/wp\/v2\/product"}],"about":[{"href":"https:\/\/waterwaze.ca\/fr\/wp-json\/wp\/v2\/types\/product"}],"replies":[{"embeddable":true,"href":"https:\/\/waterwaze.ca\/fr\/wp-json\/wp\/v2\/comments?post=3502"}],"wp:featuredmedia":[{"embeddable":true,"href":"https:\/\/waterwaze.ca\/fr\/wp-json\/wp\/v2\/media\/3336"}],"wp:attachment":[{"href":"https:\/\/waterwaze.ca\/fr\/wp-json\/wp\/v2\/media?parent=3502"}],"wp:term":[{"taxonomy":"product_brand","embeddable":true,"href":"https:\/\/waterwaze.ca\/fr\/wp-json\/wp\/v2\/product_brand?post=3502"},{"taxonomy":"product_cat","embeddable":true,"href":"https:\/\/waterwaze.ca\/fr\/wp-json\/wp\/v2\/product_cat?post=3502"},{"taxonomy":"product_tag","embeddable":true,"href":"https:\/\/waterwaze.ca\/fr\/wp-json\/wp\/v2\/product_tag?post=3502"}],"curies":[{"name":"wp","href":"https:\/\/api.w.org\/{rel}","templated":true}]}}