{"id":3599,"date":"2025-03-18T21:49:55","date_gmt":"2025-03-18T18:49:55","guid":{"rendered":"http:\/\/claude.6p-marketing.de\/product\/watchraft\/"},"modified":"2025-04-23T18:06:32","modified_gmt":"2025-04-23T18:06:32","slug":"watchraft","status":"publish","type":"product","link":"https:\/\/waterwaze.ca\/fr\/product\/watchraft\/","title":{"rendered":"WatchRaft"},"content":{"rendered":"<p><span data-mce-fragment=\"1\">Con\u00e7u pour \u00e9lever vos normes de s\u00e9curit\u00e9 \u00e0 un niveau sup\u00e9rieur. En tant que produit autonome, le WatchRaft peut \u00eatre plac\u00e9 avec flexibilit\u00e9 partout dans votre parc.<\/span><\/p>\n<p><span data-mce-fragment=\"1\">CARACT\u00c9RISTIQUES UNIQUES  <\/span><\/p>\n<p><span data-mce-fragment=\"1\">Vue panoramique : Permet une vue \u00e0 360 degr\u00e9s de l&rsquo;ensemble du parc.<\/span><\/p>\n<p><span data-mce-fragment=\"1\">Coloration : Couleurs internationales de signalisation, rouge et jaune, pour une reconnaissance \u00e9tablie.<\/span><\/p>\n<p><span data-mce-fragment=\"1\">Mat\u00e9riau antid\u00e9rapant : La technologie Revolutionay assure une bonne prise en main du protecteur.  <\/span><\/p>\n<p><span data-mce-fragment=\"1\">Confort et maniabilit\u00e9 : Chaque visi\u00e8re dispose de deux options de suspension<\/span><\/p>\n<p><span data-mce-fragment=\"1\">Fonction d&rsquo;ombre : R\u00e9duit efficacement les rayons du soleil et offre un environnement confortable aux sauveteurs.<\/span><\/p>\n","protected":false},"excerpt":{"rendered":"<p>Con\u00e7u pour \u00e9lever vos normes de s\u00e9curit\u00e9 \u00e0 un niveau sup\u00e9rieur. En tant que produit autonome, le WatchRaft peut \u00eatre plac\u00e9 avec flexibilit\u00e9 partout dans votre parc. CARACT\u00c9RISTIQUES UNIQUES Vue panoramique : Permet une vue \u00e0 360 degr\u00e9s de l&rsquo;ensemble du parc. Coloration : Couleurs internationales de signalisation, rouge et jaune, pour une reconnaissance \u00e9tablie. [&hellip;]<\/p>\n","protected":false},"featured_media":2957,"comment_status":"open","ping_status":"closed","template":"","meta":{"_acf_changed":false,"site-sidebar-layout":"default","site-content-layout":"","ast-site-content-layout":"default","site-content-style":"default","site-sidebar-style":"default","ast-global-header-display":"","ast-banner-title-visibility":"","ast-main-header-display":"","ast-hfb-above-header-display":"","ast-hfb-below-header-display":"","ast-hfb-mobile-header-display":"","site-post-title":"","ast-breadcrumbs-content":"","ast-featured-img":"","footer-sml-layout":"","ast-disable-related-posts":"","theme-transparent-header-meta":"default","adv-header-id-meta":"","stick-header-meta":"","header-above-stick-meta":"","header-main-stick-meta":"","header-below-stick-meta":"","astra-migrate-meta-layouts":"default","ast-page-background-enabled":"default","ast-page-background-meta":{"desktop":{"background-color":"","background-image":"","background-repeat":"repeat","background-position":"center center","background-size":"auto","background-attachment":"scroll","background-type":"","background-media":"","overlay-type":"","overlay-color":"","overlay-opacity":"","overlay-gradient":""},"tablet":{"background-color":"","background-image":"","background-repeat":"repeat","background-position":"center center","background-size":"auto","background-attachment":"scroll","background-type":"","background-media":"","overlay-type":"","overlay-color":"","overlay-opacity":"","overlay-gradient":""},"mobile":{"background-color":"","background-image":"","background-repeat":"repeat","background-position":"center center","background-size":"auto","background-attachment":"scroll","background-type":"","background-media":"","overlay-type":"","overlay-color":"","overlay-opacity":"","overlay-gradient":""}},"ast-content-background-meta":{"desktop":{"background-color":"var(--ast-global-color-5)","background-image":"","background-repeat":"repeat","background-position":"center center","background-size":"auto","background-attachment":"scroll","background-type":"","background-media":"","overlay-type":"","overlay-color":"","overlay-opacity":"","overlay-gradient":""},"tablet":{"background-color":"var(--ast-global-color-5)","background-image":"","background-repeat":"repeat","background-position":"center center","background-size":"auto","background-attachment":"scroll","background-type":"","background-media":"","overlay-type":"","overlay-color":"","overlay-opacity":"","overlay-gradient":""},"mobile":{"background-color":"var(--ast-global-color-5)","background-image":"","background-repeat":"repeat","background-position":"center center","background-size":"auto","background-attachment":"scroll","background-type":"","background-media":"","overlay-type":"","overlay-color":"","overlay-opacity":"","overlay-gradient":""}}},"product_brand":[],"product_cat":[68,57,71],"product_tag":[],"class_list":{"0":"post-3599","1":"product","2":"type-product","3":"status-publish","4":"has-post-thumbnail","6":"product_cat-autonome","7":"product_cat-eau-libre","8":"product_cat-wibit-peakz-fr","9":"desktop-align-left","10":"tablet-align-left","11":"mobile-align-left","12":"ast-product-gallery-layout-horizontal-slider","14":"first","15":"instock","16":"shipping-taxable","17":"purchasable","18":"product-type-simple"},"acf":[],"yoast_head":"<!-- This site is optimized with the Yoast SEO plugin v27.3 - https:\/\/yoast.com\/product\/yoast-seo-wordpress\/ -->\n<title>WatchRaft - waterwaze<\/title>\n<meta name=\"robots\" content=\"index, follow, max-snippet:-1, max-image-preview:large, max-video-preview:-1\" \/>\n<link rel=\"canonical\" href=\"https:\/\/waterwaze.ca\/product\/watchraft\/\" \/>\n<meta property=\"og:locale\" content=\"fr_FR\" \/>\n<meta property=\"og:type\" content=\"article\" \/>\n<meta property=\"og:title\" content=\"WatchRaft - waterwaze\" \/>\n<meta property=\"og:description\" content=\"Con\u00e7u pour \u00e9lever vos normes de s\u00e9curit\u00e9 \u00e0 un niveau sup\u00e9rieur. En tant que produit autonome, le WatchRaft peut \u00eatre plac\u00e9 avec flexibilit\u00e9 partout dans votre parc. CARACT\u00c9RISTIQUES UNIQUES Vue panoramique : Permet une vue \u00e0 360 degr\u00e9s de l&rsquo;ensemble du parc. Coloration : Couleurs internationales de signalisation, rouge et jaune, pour une reconnaissance \u00e9tablie. [&hellip;]\" \/>\n<meta property=\"og:url\" content=\"https:\/\/waterwaze.ca\/product\/watchraft\/\" \/>\n<meta property=\"og:site_name\" content=\"waterwaze\" \/>\n<meta property=\"article:modified_time\" content=\"2025-04-23T18:06:32+00:00\" \/>\n<meta property=\"og:image\" content=\"https:\/\/waterwaze.ca\/wp-content\/uploads\/2025\/03\/30185_WatchRaft_03_224de15f-9cf5-48d6-95d5-61d9dcd94b42-scaled.jpg\" \/>\n\t<meta property=\"og:image:width\" content=\"2560\" \/>\n\t<meta property=\"og:image:height\" content=\"1917\" \/>\n\t<meta property=\"og:image:type\" content=\"image\/jpeg\" \/>\n<meta name=\"twitter:card\" content=\"summary_large_image\" \/>\n<script type=\"application\/ld+json\" class=\"yoast-schema-graph\">{\"@context\":\"https:\\\/\\\/schema.org\",\"@graph\":[{\"@type\":\"WebPage\",\"@id\":\"https:\\\/\\\/waterwaze.ca\\\/product\\\/watchraft\\\/\",\"url\":\"https:\\\/\\\/waterwaze.ca\\\/product\\\/watchraft\\\/\",\"name\":\"WatchRaft - waterwaze\",\"isPartOf\":{\"@id\":\"https:\\\/\\\/waterwaze.ca\\\/#website\"},\"primaryImageOfPage\":{\"@id\":\"https:\\\/\\\/waterwaze.ca\\\/product\\\/watchraft\\\/#primaryimage\"},\"image\":{\"@id\":\"https:\\\/\\\/waterwaze.ca\\\/product\\\/watchraft\\\/#primaryimage\"},\"thumbnailUrl\":\"https:\\\/\\\/waterwaze.ca\\\/wp-content\\\/uploads\\\/2025\\\/03\\\/30185_WatchRaft_03_224de15f-9cf5-48d6-95d5-61d9dcd94b42-scaled.jpg\",\"datePublished\":\"2025-03-18T18:49:55+00:00\",\"dateModified\":\"2025-04-23T18:06:32+00:00\",\"breadcrumb\":{\"@id\":\"https:\\\/\\\/waterwaze.ca\\\/product\\\/watchraft\\\/#breadcrumb\"},\"inLanguage\":\"fr-FR\",\"potentialAction\":[{\"@type\":\"ReadAction\",\"target\":[\"https:\\\/\\\/waterwaze.ca\\\/product\\\/watchraft\\\/\"]}]},{\"@type\":\"ImageObject\",\"inLanguage\":\"fr-FR\",\"@id\":\"https:\\\/\\\/waterwaze.ca\\\/product\\\/watchraft\\\/#primaryimage\",\"url\":\"https:\\\/\\\/waterwaze.ca\\\/wp-content\\\/uploads\\\/2025\\\/03\\\/30185_WatchRaft_03_224de15f-9cf5-48d6-95d5-61d9dcd94b42-scaled.jpg\",\"contentUrl\":\"https:\\\/\\\/waterwaze.ca\\\/wp-content\\\/uploads\\\/2025\\\/03\\\/30185_WatchRaft_03_224de15f-9cf5-48d6-95d5-61d9dcd94b42-scaled.jpg\",\"width\":2560,\"height\":1917},{\"@type\":\"BreadcrumbList\",\"@id\":\"https:\\\/\\\/waterwaze.ca\\\/product\\\/watchraft\\\/#breadcrumb\",\"itemListElement\":[{\"@type\":\"ListItem\",\"position\":1,\"name\":\"Home\",\"item\":\"https:\\\/\\\/waterwaze.ca\\\/\"},{\"@type\":\"ListItem\",\"position\":2,\"name\":\"Boutique\",\"item\":\"https:\\\/\\\/waterwaze.ca\\\/shop\\\/\"},{\"@type\":\"ListItem\",\"position\":3,\"name\":\"WatchRaft\"}]},{\"@type\":\"WebSite\",\"@id\":\"https:\\\/\\\/waterwaze.ca\\\/#website\",\"url\":\"https:\\\/\\\/waterwaze.ca\\\/\",\"name\":\"waterwaze\",\"description\":\"CANADA\u2019S OPEN WATER &amp; COMMERCIAL POOL EXPERT\",\"publisher\":{\"@id\":\"https:\\\/\\\/waterwaze.ca\\\/#organization\"},\"potentialAction\":[{\"@type\":\"SearchAction\",\"target\":{\"@type\":\"EntryPoint\",\"urlTemplate\":\"https:\\\/\\\/waterwaze.ca\\\/?s={search_term_string}\"},\"query-input\":{\"@type\":\"PropertyValueSpecification\",\"valueRequired\":true,\"valueName\":\"search_term_string\"}}],\"inLanguage\":\"fr-FR\"},{\"@type\":\"Organization\",\"@id\":\"https:\\\/\\\/waterwaze.ca\\\/#organization\",\"name\":\"waterwaze\",\"url\":\"https:\\\/\\\/waterwaze.ca\\\/\",\"logo\":{\"@type\":\"ImageObject\",\"inLanguage\":\"fr-FR\",\"@id\":\"https:\\\/\\\/waterwaze.ca\\\/#\\\/schema\\\/logo\\\/image\\\/\",\"url\":\"https:\\\/\\\/waterwaze.ca\\\/wp-content\\\/uploads\\\/2025\\\/02\\\/cropped-WaterWazeLogo-2.webp\",\"contentUrl\":\"https:\\\/\\\/waterwaze.ca\\\/wp-content\\\/uploads\\\/2025\\\/02\\\/cropped-WaterWazeLogo-2.webp\",\"width\":500,\"height\":208,\"caption\":\"waterwaze\"},\"image\":{\"@id\":\"https:\\\/\\\/waterwaze.ca\\\/#\\\/schema\\\/logo\\\/image\\\/\"}}]}<\/script>\n<!-- \/ Yoast SEO plugin. -->","yoast_head_json":{"title":"WatchRaft - waterwaze","robots":{"index":"index","follow":"follow","max-snippet":"max-snippet:-1","max-image-preview":"max-image-preview:large","max-video-preview":"max-video-preview:-1"},"canonical":"https:\/\/waterwaze.ca\/product\/watchraft\/","og_locale":"fr_FR","og_type":"article","og_title":"WatchRaft - waterwaze","og_description":"Con\u00e7u pour \u00e9lever vos normes de s\u00e9curit\u00e9 \u00e0 un niveau sup\u00e9rieur. En tant que produit autonome, le WatchRaft peut \u00eatre plac\u00e9 avec flexibilit\u00e9 partout dans votre parc. CARACT\u00c9RISTIQUES UNIQUES Vue panoramique : Permet une vue \u00e0 360 degr\u00e9s de l&rsquo;ensemble du parc. Coloration : Couleurs internationales de signalisation, rouge et jaune, pour une reconnaissance \u00e9tablie. [&hellip;]","og_url":"https:\/\/waterwaze.ca\/product\/watchraft\/","og_site_name":"waterwaze","article_modified_time":"2025-04-23T18:06:32+00:00","og_image":[{"width":2560,"height":1917,"url":"https:\/\/waterwaze.ca\/wp-content\/uploads\/2025\/03\/30185_WatchRaft_03_224de15f-9cf5-48d6-95d5-61d9dcd94b42-scaled.jpg","type":"image\/jpeg"}],"twitter_card":"summary_large_image","schema":{"@context":"https:\/\/schema.org","@graph":[{"@type":"WebPage","@id":"https:\/\/waterwaze.ca\/product\/watchraft\/","url":"https:\/\/waterwaze.ca\/product\/watchraft\/","name":"WatchRaft - waterwaze","isPartOf":{"@id":"https:\/\/waterwaze.ca\/#website"},"primaryImageOfPage":{"@id":"https:\/\/waterwaze.ca\/product\/watchraft\/#primaryimage"},"image":{"@id":"https:\/\/waterwaze.ca\/product\/watchraft\/#primaryimage"},"thumbnailUrl":"https:\/\/waterwaze.ca\/wp-content\/uploads\/2025\/03\/30185_WatchRaft_03_224de15f-9cf5-48d6-95d5-61d9dcd94b42-scaled.jpg","datePublished":"2025-03-18T18:49:55+00:00","dateModified":"2025-04-23T18:06:32+00:00","breadcrumb":{"@id":"https:\/\/waterwaze.ca\/product\/watchraft\/#breadcrumb"},"inLanguage":"fr-FR","potentialAction":[{"@type":"ReadAction","target":["https:\/\/waterwaze.ca\/product\/watchraft\/"]}]},{"@type":"ImageObject","inLanguage":"fr-FR","@id":"https:\/\/waterwaze.ca\/product\/watchraft\/#primaryimage","url":"https:\/\/waterwaze.ca\/wp-content\/uploads\/2025\/03\/30185_WatchRaft_03_224de15f-9cf5-48d6-95d5-61d9dcd94b42-scaled.jpg","contentUrl":"https:\/\/waterwaze.ca\/wp-content\/uploads\/2025\/03\/30185_WatchRaft_03_224de15f-9cf5-48d6-95d5-61d9dcd94b42-scaled.jpg","width":2560,"height":1917},{"@type":"BreadcrumbList","@id":"https:\/\/waterwaze.ca\/product\/watchraft\/#breadcrumb","itemListElement":[{"@type":"ListItem","position":1,"name":"Home","item":"https:\/\/waterwaze.ca\/"},{"@type":"ListItem","position":2,"name":"Boutique","item":"https:\/\/waterwaze.ca\/shop\/"},{"@type":"ListItem","position":3,"name":"WatchRaft"}]},{"@type":"WebSite","@id":"https:\/\/waterwaze.ca\/#website","url":"https:\/\/waterwaze.ca\/","name":"waterwaze","description":"CANADA\u2019S OPEN WATER &amp; COMMERCIAL POOL EXPERT","publisher":{"@id":"https:\/\/waterwaze.ca\/#organization"},"potentialAction":[{"@type":"SearchAction","target":{"@type":"EntryPoint","urlTemplate":"https:\/\/waterwaze.ca\/?s={search_term_string}"},"query-input":{"@type":"PropertyValueSpecification","valueRequired":true,"valueName":"search_term_string"}}],"inLanguage":"fr-FR"},{"@type":"Organization","@id":"https:\/\/waterwaze.ca\/#organization","name":"waterwaze","url":"https:\/\/waterwaze.ca\/","logo":{"@type":"ImageObject","inLanguage":"fr-FR","@id":"https:\/\/waterwaze.ca\/#\/schema\/logo\/image\/","url":"https:\/\/waterwaze.ca\/wp-content\/uploads\/2025\/02\/cropped-WaterWazeLogo-2.webp","contentUrl":"https:\/\/waterwaze.ca\/wp-content\/uploads\/2025\/02\/cropped-WaterWazeLogo-2.webp","width":500,"height":208,"caption":"waterwaze"},"image":{"@id":"https:\/\/waterwaze.ca\/#\/schema\/logo\/image\/"}}]}},"_links":{"self":[{"href":"https:\/\/waterwaze.ca\/fr\/wp-json\/wp\/v2\/product\/3599","targetHints":{"allow":["GET"]}}],"collection":[{"href":"https:\/\/waterwaze.ca\/fr\/wp-json\/wp\/v2\/product"}],"about":[{"href":"https:\/\/waterwaze.ca\/fr\/wp-json\/wp\/v2\/types\/product"}],"replies":[{"embeddable":true,"href":"https:\/\/waterwaze.ca\/fr\/wp-json\/wp\/v2\/comments?post=3599"}],"wp:featuredmedia":[{"embeddable":true,"href":"https:\/\/waterwaze.ca\/fr\/wp-json\/wp\/v2\/media\/2957"}],"wp:attachment":[{"href":"https:\/\/waterwaze.ca\/fr\/wp-json\/wp\/v2\/media?parent=3599"}],"wp:term":[{"taxonomy":"product_brand","embeddable":true,"href":"https:\/\/waterwaze.ca\/fr\/wp-json\/wp\/v2\/product_brand?post=3599"},{"taxonomy":"product_cat","embeddable":true,"href":"https:\/\/waterwaze.ca\/fr\/wp-json\/wp\/v2\/product_cat?post=3599"},{"taxonomy":"product_tag","embeddable":true,"href":"https:\/\/waterwaze.ca\/fr\/wp-json\/wp\/v2\/product_tag?post=3599"}],"curies":[{"name":"wp","href":"https:\/\/api.w.org\/{rel}","templated":true}]}}