{"id":3682,"date":"2025-03-30T22:57:54","date_gmt":"2025-03-30T19:57:54","guid":{"rendered":"http:\/\/claude.6p-marketing.de\/?post_type=product&#038;p=3682"},"modified":"2025-04-23T18:05:15","modified_gmt":"2025-04-23T18:05:15","slug":"kidstrack-copy","status":"publish","type":"product","link":"https:\/\/waterwaze.ca\/fr\/product\/kidstrack-copy\/","title":{"rendered":"KidsRun"},"content":{"rendered":"<div id=\"shopify-section-template--23572332282141__5f420ce4-e434-4695-9d91-08157ed7016a\" class=\"shopify-section section\">\n<div class=\"image-with-text image-with-text--no-overlap page-width isolate collapse-corners section-template--23572332282141__5f420ce4-e434-4695-9d91-08157ed7016a-padding\">\n<div class=\"image-with-text__grid grid grid--gapless grid--1-col grid--2-col-tablet\">\n<div class=\"image-with-text__text-item grid__item\">\n<div id=\"ImageWithText--template--23572332282141__5f420ce4-e434-4695-9d91-08157ed7016a\" class=\"image-with-text__content image-with-text__content--top image-with-text__content--desktop-left image-with-text__content--mobile-left image-with-text__content--adapt gradient color-background-1 content-container\">\n<div class=\"image-with-text__text rte body\">\n<p>Con\u00e7u pour s&rsquo;adapter \u00e0 une petite taille de piscine et \u00e0 un petit budget, le KidsRun ravira vos plus jeunes invit\u00e9s. Gr\u00e2ce \u00e0 la modularit\u00e9 de tous les produits Wibit Kids, la combinaison peut facilement \u00eatre transform\u00e9e en KidsTrack ou KidsCourse pour divertir un nombre encore plus \u00e9lev\u00e9 d&rsquo;enfants.<\/p>\n<\/div>\n<\/div>\n<\/div>\n<\/div>\n<\/div>\n<\/div>\n<div id=\"shopify-section-template--23572332282141__9cc48d75-d7de-4325-884b-c79e4df2733b\" class=\"shopify-section section\">\n<div class=\"image-with-text image-with-text--no-overlap page-width isolate collapse-corners section-template--23572332282141__9cc48d75-d7de-4325-884b-c79e4df2733b-padding\">\n<div class=\"image-with-text__grid grid grid--gapless grid--1-col grid--2-col-tablet image-with-text__grid--reverse\">\n<div class=\"image-with-text__media-item image-with-text__media-item--medium image-with-text__media-item--top grid__item\"><\/div>\n<\/div>\n<\/div>\n<\/div>\n","protected":false},"excerpt":{"rendered":"<h2 class=\"image-with-text__heading h1\">Petits enfants + petite piste = grand plaisir !<\/h2>\n<div class=\"image-with-text__text rte body\"><\/div>\n<div class=\"image-with-text__text rte body\"><\/div>\n<div class=\"image-with-text__text rte body\"><\/div>\n<div class=\"image-with-text__text rte body\"><\/div>\n<div class=\"image-with-text__text rte body\"><\/div>\n<div class=\"image-with-text__text rte body\"><\/div>\n","protected":false},"featured_media":3686,"comment_status":"open","ping_status":"closed","template":"","meta":{"_acf_changed":false,"site-sidebar-layout":"default","site-content-layout":"","ast-site-content-layout":"default","site-content-style":"default","site-sidebar-style":"default","ast-global-header-display":"","ast-banner-title-visibility":"","ast-main-header-display":"","ast-hfb-above-header-display":"","ast-hfb-below-header-display":"","ast-hfb-mobile-header-display":"","site-post-title":"","ast-breadcrumbs-content":"","ast-featured-img":"","footer-sml-layout":"","ast-disable-related-posts":"","theme-transparent-header-meta":"default","adv-header-id-meta":"","stick-header-meta":"","header-above-stick-meta":"","header-main-stick-meta":"","header-below-stick-meta":"","astra-migrate-meta-layouts":"set","ast-page-background-enabled":"default","ast-page-background-meta":{"desktop":{"background-color":"","background-image":"","background-repeat":"repeat","background-position":"center center","background-size":"auto","background-attachment":"scroll","background-type":"","background-media":"","overlay-type":"","overlay-color":"","overlay-opacity":"","overlay-gradient":""},"tablet":{"background-color":"","background-image":"","background-repeat":"repeat","background-position":"center center","background-size":"auto","background-attachment":"scroll","background-type":"","background-media":"","overlay-type":"","overlay-color":"","overlay-opacity":"","overlay-gradient":""},"mobile":{"background-color":"","background-image":"","background-repeat":"repeat","background-position":"center center","background-size":"auto","background-attachment":"scroll","background-type":"","background-media":"","overlay-type":"","overlay-color":"","overlay-opacity":"","overlay-gradient":""}},"ast-content-background-meta":{"desktop":{"background-color":"var(--ast-global-color-5)","background-image":"","background-repeat":"repeat","background-position":"center center","background-size":"auto","background-attachment":"scroll","background-type":"","background-media":"","overlay-type":"","overlay-color":"","overlay-opacity":"","overlay-gradient":""},"tablet":{"background-color":"var(--ast-global-color-5)","background-image":"","background-repeat":"repeat","background-position":"center center","background-size":"auto","background-attachment":"scroll","background-type":"","background-media":"","overlay-type":"","overlay-color":"","overlay-opacity":"","overlay-gradient":""},"mobile":{"background-color":"var(--ast-global-color-5)","background-image":"","background-repeat":"repeat","background-position":"center center","background-size":"auto","background-attachment":"scroll","background-type":"","background-media":"","overlay-type":"","overlay-color":"","overlay-opacity":"","overlay-gradient":""}}},"product_brand":[],"product_cat":[57,60,69,61,63,64],"product_tag":[],"class_list":{"0":"post-3682","1":"product","2":"type-product","3":"status-publish","4":"has-post-thumbnail","6":"product_cat-eau-libre","7":"product_cat-piscine-commerciale","8":"product_cat-pistes-de-piscine-commerciales","9":"product_cat-structures-gonflables","10":"product_cat-tracks-fr","11":"product_cat-wibit-kids-fr","12":"desktop-align-left","13":"tablet-align-left","14":"mobile-align-left","15":"ast-product-gallery-layout-horizontal-slider","17":"first","18":"instock","19":"shipping-taxable","20":"purchasable","21":"product-type-simple"},"acf":[],"yoast_head":"<!-- This site is optimized with the Yoast SEO plugin v27.4 - https:\/\/yoast.com\/product\/yoast-seo-wordpress\/ -->\n<title>KidsRun - waterwaze<\/title>\n<meta name=\"robots\" content=\"index, follow, max-snippet:-1, max-image-preview:large, max-video-preview:-1\" \/>\n<link rel=\"canonical\" href=\"https:\/\/waterwaze.ca\/product\/kidsrun\/\" \/>\n<meta property=\"og:locale\" content=\"fr_FR\" \/>\n<meta property=\"og:type\" content=\"article\" \/>\n<meta property=\"og:title\" content=\"KidsRun - waterwaze\" \/>\n<meta property=\"og:description\" content=\"Petits enfants + petite piste = grand plaisir !\" \/>\n<meta property=\"og:url\" content=\"https:\/\/waterwaze.ca\/product\/kidsrun\/\" \/>\n<meta property=\"og:site_name\" content=\"waterwaze\" \/>\n<meta property=\"article:modified_time\" content=\"2025-04-23T18:05:15+00:00\" \/>\n<meta property=\"og:image\" content=\"https:\/\/waterwaze.ca\/wp-content\/uploads\/2025\/03\/31046_KidsRun_2018_pool_001_pool_booms_web-720x480-1.jpg\" \/>\n\t<meta property=\"og:image:width\" content=\"720\" \/>\n\t<meta property=\"og:image:height\" content=\"480\" \/>\n\t<meta property=\"og:image:type\" content=\"image\/jpeg\" \/>\n<meta name=\"twitter:card\" content=\"summary_large_image\" \/>\n<script type=\"application\/ld+json\" class=\"yoast-schema-graph\">{\"@context\":\"https:\\\/\\\/schema.org\",\"@graph\":[{\"@type\":\"WebPage\",\"@id\":\"https:\\\/\\\/waterwaze.ca\\\/product\\\/kidsrun\\\/\",\"url\":\"https:\\\/\\\/waterwaze.ca\\\/product\\\/kidsrun\\\/\",\"name\":\"KidsRun - waterwaze\",\"isPartOf\":{\"@id\":\"https:\\\/\\\/waterwaze.ca\\\/#website\"},\"primaryImageOfPage\":{\"@id\":\"https:\\\/\\\/waterwaze.ca\\\/product\\\/kidsrun\\\/#primaryimage\"},\"image\":{\"@id\":\"https:\\\/\\\/waterwaze.ca\\\/product\\\/kidsrun\\\/#primaryimage\"},\"thumbnailUrl\":\"https:\\\/\\\/waterwaze.ca\\\/wp-content\\\/uploads\\\/2025\\\/03\\\/31046_KidsRun_2018_pool_001_pool_booms_web-720x480-1.jpg\",\"datePublished\":\"2025-03-30T19:57:54+00:00\",\"dateModified\":\"2025-04-23T18:05:15+00:00\",\"breadcrumb\":{\"@id\":\"https:\\\/\\\/waterwaze.ca\\\/product\\\/kidsrun\\\/#breadcrumb\"},\"inLanguage\":\"fr-FR\",\"potentialAction\":[{\"@type\":\"ReadAction\",\"target\":[\"https:\\\/\\\/waterwaze.ca\\\/product\\\/kidsrun\\\/\"]}]},{\"@type\":\"ImageObject\",\"inLanguage\":\"fr-FR\",\"@id\":\"https:\\\/\\\/waterwaze.ca\\\/product\\\/kidsrun\\\/#primaryimage\",\"url\":\"https:\\\/\\\/waterwaze.ca\\\/wp-content\\\/uploads\\\/2025\\\/03\\\/31046_KidsRun_2018_pool_001_pool_booms_web-720x480-1.jpg\",\"contentUrl\":\"https:\\\/\\\/waterwaze.ca\\\/wp-content\\\/uploads\\\/2025\\\/03\\\/31046_KidsRun_2018_pool_001_pool_booms_web-720x480-1.jpg\",\"width\":720,\"height\":480},{\"@type\":\"BreadcrumbList\",\"@id\":\"https:\\\/\\\/waterwaze.ca\\\/product\\\/kidsrun\\\/#breadcrumb\",\"itemListElement\":[{\"@type\":\"ListItem\",\"position\":1,\"name\":\"Home\",\"item\":\"https:\\\/\\\/waterwaze.ca\\\/\"},{\"@type\":\"ListItem\",\"position\":2,\"name\":\"Boutique\",\"item\":\"https:\\\/\\\/waterwaze.ca\\\/shop\\\/\"},{\"@type\":\"ListItem\",\"position\":3,\"name\":\"KidsRun\"}]},{\"@type\":\"WebSite\",\"@id\":\"https:\\\/\\\/waterwaze.ca\\\/#website\",\"url\":\"https:\\\/\\\/waterwaze.ca\\\/\",\"name\":\"waterwaze\",\"description\":\"CANADA\u2019S OPEN WATER &amp; COMMERCIAL POOL EXPERT\",\"publisher\":{\"@id\":\"https:\\\/\\\/waterwaze.ca\\\/#organization\"},\"potentialAction\":[{\"@type\":\"SearchAction\",\"target\":{\"@type\":\"EntryPoint\",\"urlTemplate\":\"https:\\\/\\\/waterwaze.ca\\\/?s={search_term_string}\"},\"query-input\":{\"@type\":\"PropertyValueSpecification\",\"valueRequired\":true,\"valueName\":\"search_term_string\"}}],\"inLanguage\":\"fr-FR\"},{\"@type\":\"Organization\",\"@id\":\"https:\\\/\\\/waterwaze.ca\\\/#organization\",\"name\":\"waterwaze\",\"url\":\"https:\\\/\\\/waterwaze.ca\\\/\",\"logo\":{\"@type\":\"ImageObject\",\"inLanguage\":\"fr-FR\",\"@id\":\"https:\\\/\\\/waterwaze.ca\\\/#\\\/schema\\\/logo\\\/image\\\/\",\"url\":\"https:\\\/\\\/waterwaze.ca\\\/wp-content\\\/uploads\\\/2025\\\/02\\\/cropped-WaterWazeLogo-2.webp\",\"contentUrl\":\"https:\\\/\\\/waterwaze.ca\\\/wp-content\\\/uploads\\\/2025\\\/02\\\/cropped-WaterWazeLogo-2.webp\",\"width\":500,\"height\":208,\"caption\":\"waterwaze\"},\"image\":{\"@id\":\"https:\\\/\\\/waterwaze.ca\\\/#\\\/schema\\\/logo\\\/image\\\/\"}}]}<\/script>\n<!-- \/ Yoast SEO plugin. -->","yoast_head_json":{"title":"KidsRun - waterwaze","robots":{"index":"index","follow":"follow","max-snippet":"max-snippet:-1","max-image-preview":"max-image-preview:large","max-video-preview":"max-video-preview:-1"},"canonical":"https:\/\/waterwaze.ca\/product\/kidsrun\/","og_locale":"fr_FR","og_type":"article","og_title":"KidsRun - waterwaze","og_description":"Petits enfants + petite piste = grand plaisir !","og_url":"https:\/\/waterwaze.ca\/product\/kidsrun\/","og_site_name":"waterwaze","article_modified_time":"2025-04-23T18:05:15+00:00","og_image":[{"width":720,"height":480,"url":"https:\/\/waterwaze.ca\/wp-content\/uploads\/2025\/03\/31046_KidsRun_2018_pool_001_pool_booms_web-720x480-1.jpg","type":"image\/jpeg"}],"twitter_card":"summary_large_image","schema":{"@context":"https:\/\/schema.org","@graph":[{"@type":"WebPage","@id":"https:\/\/waterwaze.ca\/product\/kidsrun\/","url":"https:\/\/waterwaze.ca\/product\/kidsrun\/","name":"KidsRun - waterwaze","isPartOf":{"@id":"https:\/\/waterwaze.ca\/#website"},"primaryImageOfPage":{"@id":"https:\/\/waterwaze.ca\/product\/kidsrun\/#primaryimage"},"image":{"@id":"https:\/\/waterwaze.ca\/product\/kidsrun\/#primaryimage"},"thumbnailUrl":"https:\/\/waterwaze.ca\/wp-content\/uploads\/2025\/03\/31046_KidsRun_2018_pool_001_pool_booms_web-720x480-1.jpg","datePublished":"2025-03-30T19:57:54+00:00","dateModified":"2025-04-23T18:05:15+00:00","breadcrumb":{"@id":"https:\/\/waterwaze.ca\/product\/kidsrun\/#breadcrumb"},"inLanguage":"fr-FR","potentialAction":[{"@type":"ReadAction","target":["https:\/\/waterwaze.ca\/product\/kidsrun\/"]}]},{"@type":"ImageObject","inLanguage":"fr-FR","@id":"https:\/\/waterwaze.ca\/product\/kidsrun\/#primaryimage","url":"https:\/\/waterwaze.ca\/wp-content\/uploads\/2025\/03\/31046_KidsRun_2018_pool_001_pool_booms_web-720x480-1.jpg","contentUrl":"https:\/\/waterwaze.ca\/wp-content\/uploads\/2025\/03\/31046_KidsRun_2018_pool_001_pool_booms_web-720x480-1.jpg","width":720,"height":480},{"@type":"BreadcrumbList","@id":"https:\/\/waterwaze.ca\/product\/kidsrun\/#breadcrumb","itemListElement":[{"@type":"ListItem","position":1,"name":"Home","item":"https:\/\/waterwaze.ca\/"},{"@type":"ListItem","position":2,"name":"Boutique","item":"https:\/\/waterwaze.ca\/shop\/"},{"@type":"ListItem","position":3,"name":"KidsRun"}]},{"@type":"WebSite","@id":"https:\/\/waterwaze.ca\/#website","url":"https:\/\/waterwaze.ca\/","name":"waterwaze","description":"CANADA\u2019S OPEN WATER &amp; COMMERCIAL POOL EXPERT","publisher":{"@id":"https:\/\/waterwaze.ca\/#organization"},"potentialAction":[{"@type":"SearchAction","target":{"@type":"EntryPoint","urlTemplate":"https:\/\/waterwaze.ca\/?s={search_term_string}"},"query-input":{"@type":"PropertyValueSpecification","valueRequired":true,"valueName":"search_term_string"}}],"inLanguage":"fr-FR"},{"@type":"Organization","@id":"https:\/\/waterwaze.ca\/#organization","name":"waterwaze","url":"https:\/\/waterwaze.ca\/","logo":{"@type":"ImageObject","inLanguage":"fr-FR","@id":"https:\/\/waterwaze.ca\/#\/schema\/logo\/image\/","url":"https:\/\/waterwaze.ca\/wp-content\/uploads\/2025\/02\/cropped-WaterWazeLogo-2.webp","contentUrl":"https:\/\/waterwaze.ca\/wp-content\/uploads\/2025\/02\/cropped-WaterWazeLogo-2.webp","width":500,"height":208,"caption":"waterwaze"},"image":{"@id":"https:\/\/waterwaze.ca\/#\/schema\/logo\/image\/"}}]}},"_links":{"self":[{"href":"https:\/\/waterwaze.ca\/fr\/wp-json\/wp\/v2\/product\/3682","targetHints":{"allow":["GET"]}}],"collection":[{"href":"https:\/\/waterwaze.ca\/fr\/wp-json\/wp\/v2\/product"}],"about":[{"href":"https:\/\/waterwaze.ca\/fr\/wp-json\/wp\/v2\/types\/product"}],"replies":[{"embeddable":true,"href":"https:\/\/waterwaze.ca\/fr\/wp-json\/wp\/v2\/comments?post=3682"}],"wp:featuredmedia":[{"embeddable":true,"href":"https:\/\/waterwaze.ca\/fr\/wp-json\/wp\/v2\/media\/3686"}],"wp:attachment":[{"href":"https:\/\/waterwaze.ca\/fr\/wp-json\/wp\/v2\/media?parent=3682"}],"wp:term":[{"taxonomy":"product_brand","embeddable":true,"href":"https:\/\/waterwaze.ca\/fr\/wp-json\/wp\/v2\/product_brand?post=3682"},{"taxonomy":"product_cat","embeddable":true,"href":"https:\/\/waterwaze.ca\/fr\/wp-json\/wp\/v2\/product_cat?post=3682"},{"taxonomy":"product_tag","embeddable":true,"href":"https:\/\/waterwaze.ca\/fr\/wp-json\/wp\/v2\/product_tag?post=3682"}],"curies":[{"name":"wp","href":"https:\/\/api.w.org\/{rel}","templated":true}]}}