{"id":5176,"date":"2025-05-19T20:40:27","date_gmt":"2025-05-19T17:40:27","guid":{"rendered":"https:\/\/waterwaze.ca\/product\/5-x-9-bouee-handi-lock-bleue-et-blanche\/"},"modified":"2025-05-19T20:40:27","modified_gmt":"2025-05-19T17:40:27","slug":"5-x-9-bouee-handi-lock-bleue-et-blanche","status":"publish","type":"product","link":"https:\/\/waterwaze.ca\/fr\/product\/5-x-9-bouee-handi-lock-bleue-et-blanche\/","title":{"rendered":"5&Prime; x 9&Prime; Bou\u00e9e Handi-Lock Bleue et Blanche"},"content":{"rendered":"<p>Fabriqu\u00e9 en poly\u00e9thyl\u00e8ne lin\u00e9aire trait\u00e9 avec des inhibiteurs de chlore et des stabilisateurs d&rsquo;ultraviolets pour une durabilit\u00e9 et une longue dur\u00e9e de vie. Trois diam\u00e8tres int\u00e9rieurs sont pr\u00e9vus pour accueillir des cordes en polypropyl\u00e8ne de 3\/8, 1\/2 et 3\/4 de pouce. <\/p>\n","protected":false},"excerpt":{"rendered":"<p>Fabriqu\u00e9 en poly\u00e9thyl\u00e8ne lin\u00e9aire trait\u00e9 avec des inhibiteurs de chlore et des stabilisateurs d&rsquo;ultraviolets pour une durabilit\u00e9 et une longue dur\u00e9e de vie. Trois diam\u00e8tres int\u00e9rieurs sont pr\u00e9vus pour accueillir des cordes en polypropyl\u00e8ne de 3\/8, 1\/2 et 3\/4 de pouce.<\/p>\n","protected":false},"featured_media":5175,"comment_status":"open","ping_status":"closed","template":"","meta":{"_acf_changed":false,"site-sidebar-layout":"default","site-content-layout":"","ast-site-content-layout":"default","site-content-style":"default","site-sidebar-style":"default","ast-global-header-display":"","ast-banner-title-visibility":"","ast-main-header-display":"","ast-hfb-above-header-display":"","ast-hfb-below-header-display":"","ast-hfb-mobile-header-display":"","site-post-title":"","ast-breadcrumbs-content":"","ast-featured-img":"","footer-sml-layout":"","ast-disable-related-posts":"","theme-transparent-header-meta":"default","adv-header-id-meta":"","stick-header-meta":"","header-above-stick-meta":"","header-main-stick-meta":"","header-below-stick-meta":"","astra-migrate-meta-layouts":"default","ast-page-background-enabled":"default","ast-page-background-meta":{"desktop":{"background-color":"","background-image":"","background-repeat":"repeat","background-position":"center center","background-size":"auto","background-attachment":"scroll","background-type":"","background-media":"","overlay-type":"","overlay-color":"","overlay-opacity":"","overlay-gradient":""},"tablet":{"background-color":"","background-image":"","background-repeat":"repeat","background-position":"center center","background-size":"auto","background-attachment":"scroll","background-type":"","background-media":"","overlay-type":"","overlay-color":"","overlay-opacity":"","overlay-gradient":""},"mobile":{"background-color":"","background-image":"","background-repeat":"repeat","background-position":"center center","background-size":"auto","background-attachment":"scroll","background-type":"","background-media":"","overlay-type":"","overlay-color":"","overlay-opacity":"","overlay-gradient":""}},"ast-content-background-meta":{"desktop":{"background-color":"var(--ast-global-color-5)","background-image":"","background-repeat":"repeat","background-position":"center center","background-size":"auto","background-attachment":"scroll","background-type":"","background-media":"","overlay-type":"","overlay-color":"","overlay-opacity":"","overlay-gradient":""},"tablet":{"background-color":"var(--ast-global-color-5)","background-image":"","background-repeat":"repeat","background-position":"center center","background-size":"auto","background-attachment":"scroll","background-type":"","background-media":"","overlay-type":"","overlay-color":"","overlay-opacity":"","overlay-gradient":""},"mobile":{"background-color":"var(--ast-global-color-5)","background-image":"","background-repeat":"repeat","background-position":"center center","background-size":"auto","background-attachment":"scroll","background-type":"","background-media":"","overlay-type":"","overlay-color":"","overlay-opacity":"","overlay-gradient":""}}},"product_brand":[],"product_cat":[62],"product_tag":[],"class_list":{"0":"post-5176","1":"product","2":"type-product","3":"status-publish","4":"has-post-thumbnail","6":"product_cat-accessoires-et-pieces-detachees","7":"desktop-align-left","8":"tablet-align-left","9":"mobile-align-left","10":"ast-product-gallery-layout-horizontal-slider","11":"ast-product-gallery-with-no-image","13":"first","14":"instock","15":"shipping-taxable","16":"purchasable","17":"product-type-simple"},"acf":[],"yoast_head":"<!-- This site is optimized with the Yoast SEO plugin v27.3 - https:\/\/yoast.com\/product\/yoast-seo-wordpress\/ -->\n<title>5&quot; x 9&quot; Bou\u00e9e Handi-Lock Bleue et Blanche - waterwaze<\/title>\n<meta name=\"robots\" content=\"index, follow, max-snippet:-1, max-image-preview:large, max-video-preview:-1\" \/>\n<link rel=\"canonical\" href=\"https:\/\/waterwaze.ca\/product\/5-x-9-blue-white-handi-lock-floats\/\" \/>\n<meta property=\"og:locale\" content=\"fr_FR\" \/>\n<meta property=\"og:type\" content=\"article\" \/>\n<meta property=\"og:title\" content=\"5&quot; x 9&quot; Bou\u00e9e Handi-Lock Bleue et Blanche - waterwaze\" \/>\n<meta property=\"og:description\" content=\"Fabriqu\u00e9 en poly\u00e9thyl\u00e8ne lin\u00e9aire trait\u00e9 avec des inhibiteurs de chlore et des stabilisateurs d&rsquo;ultraviolets pour une durabilit\u00e9 et une longue dur\u00e9e de vie. Trois diam\u00e8tres int\u00e9rieurs sont pr\u00e9vus pour accueillir des cordes en polypropyl\u00e8ne de 3\/8, 1\/2 et 3\/4 de pouce.\" \/>\n<meta property=\"og:url\" content=\"https:\/\/waterwaze.ca\/product\/5-x-9-blue-white-handi-lock-floats\/\" \/>\n<meta property=\"og:site_name\" content=\"waterwaze\" \/>\n<meta property=\"og:image\" content=\"https:\/\/waterwaze.ca\/wp-content\/uploads\/2025\/05\/Handilock-blue-.jpg\" \/>\n\t<meta property=\"og:image:width\" content=\"300\" \/>\n\t<meta property=\"og:image:height\" content=\"500\" \/>\n\t<meta property=\"og:image:type\" content=\"image\/jpeg\" \/>\n<meta name=\"twitter:card\" content=\"summary_large_image\" \/>\n<script type=\"application\/ld+json\" class=\"yoast-schema-graph\">{\"@context\":\"https:\\\/\\\/schema.org\",\"@graph\":[{\"@type\":\"WebPage\",\"@id\":\"https:\\\/\\\/waterwaze.ca\\\/product\\\/5-x-9-blue-white-handi-lock-floats\\\/\",\"url\":\"https:\\\/\\\/waterwaze.ca\\\/product\\\/5-x-9-blue-white-handi-lock-floats\\\/\",\"name\":\"5\\\" x 9\\\" Bou\u00e9e Handi-Lock Bleue et Blanche - waterwaze\",\"isPartOf\":{\"@id\":\"https:\\\/\\\/waterwaze.ca\\\/#website\"},\"primaryImageOfPage\":{\"@id\":\"https:\\\/\\\/waterwaze.ca\\\/product\\\/5-x-9-blue-white-handi-lock-floats\\\/#primaryimage\"},\"image\":{\"@id\":\"https:\\\/\\\/waterwaze.ca\\\/product\\\/5-x-9-blue-white-handi-lock-floats\\\/#primaryimage\"},\"thumbnailUrl\":\"https:\\\/\\\/waterwaze.ca\\\/wp-content\\\/uploads\\\/2025\\\/05\\\/Handilock-blue-.jpg\",\"datePublished\":\"2025-05-19T17:40:27+00:00\",\"breadcrumb\":{\"@id\":\"https:\\\/\\\/waterwaze.ca\\\/product\\\/5-x-9-blue-white-handi-lock-floats\\\/#breadcrumb\"},\"inLanguage\":\"fr-FR\",\"potentialAction\":[{\"@type\":\"ReadAction\",\"target\":[\"https:\\\/\\\/waterwaze.ca\\\/product\\\/5-x-9-blue-white-handi-lock-floats\\\/\"]}]},{\"@type\":\"ImageObject\",\"inLanguage\":\"fr-FR\",\"@id\":\"https:\\\/\\\/waterwaze.ca\\\/product\\\/5-x-9-blue-white-handi-lock-floats\\\/#primaryimage\",\"url\":\"https:\\\/\\\/waterwaze.ca\\\/wp-content\\\/uploads\\\/2025\\\/05\\\/Handilock-blue-.jpg\",\"contentUrl\":\"https:\\\/\\\/waterwaze.ca\\\/wp-content\\\/uploads\\\/2025\\\/05\\\/Handilock-blue-.jpg\",\"width\":300,\"height\":500},{\"@type\":\"BreadcrumbList\",\"@id\":\"https:\\\/\\\/waterwaze.ca\\\/product\\\/5-x-9-blue-white-handi-lock-floats\\\/#breadcrumb\",\"itemListElement\":[{\"@type\":\"ListItem\",\"position\":1,\"name\":\"Home\",\"item\":\"https:\\\/\\\/waterwaze.ca\\\/\"},{\"@type\":\"ListItem\",\"position\":2,\"name\":\"Boutique\",\"item\":\"https:\\\/\\\/waterwaze.ca\\\/shop\\\/\"},{\"@type\":\"ListItem\",\"position\":3,\"name\":\"5&#8243; x 9&#8243; Bou\u00e9e Handi-Lock Bleue et Blanche\"}]},{\"@type\":\"WebSite\",\"@id\":\"https:\\\/\\\/waterwaze.ca\\\/#website\",\"url\":\"https:\\\/\\\/waterwaze.ca\\\/\",\"name\":\"waterwaze\",\"description\":\"CANADA\u2019S OPEN WATER &amp; COMMERCIAL POOL EXPERT\",\"publisher\":{\"@id\":\"https:\\\/\\\/waterwaze.ca\\\/#organization\"},\"potentialAction\":[{\"@type\":\"SearchAction\",\"target\":{\"@type\":\"EntryPoint\",\"urlTemplate\":\"https:\\\/\\\/waterwaze.ca\\\/?s={search_term_string}\"},\"query-input\":{\"@type\":\"PropertyValueSpecification\",\"valueRequired\":true,\"valueName\":\"search_term_string\"}}],\"inLanguage\":\"fr-FR\"},{\"@type\":\"Organization\",\"@id\":\"https:\\\/\\\/waterwaze.ca\\\/#organization\",\"name\":\"waterwaze\",\"url\":\"https:\\\/\\\/waterwaze.ca\\\/\",\"logo\":{\"@type\":\"ImageObject\",\"inLanguage\":\"fr-FR\",\"@id\":\"https:\\\/\\\/waterwaze.ca\\\/#\\\/schema\\\/logo\\\/image\\\/\",\"url\":\"https:\\\/\\\/waterwaze.ca\\\/wp-content\\\/uploads\\\/2025\\\/02\\\/cropped-WaterWazeLogo-2.webp\",\"contentUrl\":\"https:\\\/\\\/waterwaze.ca\\\/wp-content\\\/uploads\\\/2025\\\/02\\\/cropped-WaterWazeLogo-2.webp\",\"width\":500,\"height\":208,\"caption\":\"waterwaze\"},\"image\":{\"@id\":\"https:\\\/\\\/waterwaze.ca\\\/#\\\/schema\\\/logo\\\/image\\\/\"}}]}<\/script>\n<!-- \/ Yoast SEO plugin. -->","yoast_head_json":{"title":"5\" x 9\" Bou\u00e9e Handi-Lock Bleue et Blanche - waterwaze","robots":{"index":"index","follow":"follow","max-snippet":"max-snippet:-1","max-image-preview":"max-image-preview:large","max-video-preview":"max-video-preview:-1"},"canonical":"https:\/\/waterwaze.ca\/product\/5-x-9-blue-white-handi-lock-floats\/","og_locale":"fr_FR","og_type":"article","og_title":"5\" x 9\" Bou\u00e9e Handi-Lock Bleue et Blanche - waterwaze","og_description":"Fabriqu\u00e9 en poly\u00e9thyl\u00e8ne lin\u00e9aire trait\u00e9 avec des inhibiteurs de chlore et des stabilisateurs d&rsquo;ultraviolets pour une durabilit\u00e9 et une longue dur\u00e9e de vie. Trois diam\u00e8tres int\u00e9rieurs sont pr\u00e9vus pour accueillir des cordes en polypropyl\u00e8ne de 3\/8, 1\/2 et 3\/4 de pouce.","og_url":"https:\/\/waterwaze.ca\/product\/5-x-9-blue-white-handi-lock-floats\/","og_site_name":"waterwaze","og_image":[{"width":300,"height":500,"url":"https:\/\/waterwaze.ca\/wp-content\/uploads\/2025\/05\/Handilock-blue-.jpg","type":"image\/jpeg"}],"twitter_card":"summary_large_image","schema":{"@context":"https:\/\/schema.org","@graph":[{"@type":"WebPage","@id":"https:\/\/waterwaze.ca\/product\/5-x-9-blue-white-handi-lock-floats\/","url":"https:\/\/waterwaze.ca\/product\/5-x-9-blue-white-handi-lock-floats\/","name":"5\" x 9\" Bou\u00e9e Handi-Lock Bleue et Blanche - waterwaze","isPartOf":{"@id":"https:\/\/waterwaze.ca\/#website"},"primaryImageOfPage":{"@id":"https:\/\/waterwaze.ca\/product\/5-x-9-blue-white-handi-lock-floats\/#primaryimage"},"image":{"@id":"https:\/\/waterwaze.ca\/product\/5-x-9-blue-white-handi-lock-floats\/#primaryimage"},"thumbnailUrl":"https:\/\/waterwaze.ca\/wp-content\/uploads\/2025\/05\/Handilock-blue-.jpg","datePublished":"2025-05-19T17:40:27+00:00","breadcrumb":{"@id":"https:\/\/waterwaze.ca\/product\/5-x-9-blue-white-handi-lock-floats\/#breadcrumb"},"inLanguage":"fr-FR","potentialAction":[{"@type":"ReadAction","target":["https:\/\/waterwaze.ca\/product\/5-x-9-blue-white-handi-lock-floats\/"]}]},{"@type":"ImageObject","inLanguage":"fr-FR","@id":"https:\/\/waterwaze.ca\/product\/5-x-9-blue-white-handi-lock-floats\/#primaryimage","url":"https:\/\/waterwaze.ca\/wp-content\/uploads\/2025\/05\/Handilock-blue-.jpg","contentUrl":"https:\/\/waterwaze.ca\/wp-content\/uploads\/2025\/05\/Handilock-blue-.jpg","width":300,"height":500},{"@type":"BreadcrumbList","@id":"https:\/\/waterwaze.ca\/product\/5-x-9-blue-white-handi-lock-floats\/#breadcrumb","itemListElement":[{"@type":"ListItem","position":1,"name":"Home","item":"https:\/\/waterwaze.ca\/"},{"@type":"ListItem","position":2,"name":"Boutique","item":"https:\/\/waterwaze.ca\/shop\/"},{"@type":"ListItem","position":3,"name":"5&#8243; x 9&#8243; Bou\u00e9e Handi-Lock Bleue et Blanche"}]},{"@type":"WebSite","@id":"https:\/\/waterwaze.ca\/#website","url":"https:\/\/waterwaze.ca\/","name":"waterwaze","description":"CANADA\u2019S OPEN WATER &amp; COMMERCIAL POOL EXPERT","publisher":{"@id":"https:\/\/waterwaze.ca\/#organization"},"potentialAction":[{"@type":"SearchAction","target":{"@type":"EntryPoint","urlTemplate":"https:\/\/waterwaze.ca\/?s={search_term_string}"},"query-input":{"@type":"PropertyValueSpecification","valueRequired":true,"valueName":"search_term_string"}}],"inLanguage":"fr-FR"},{"@type":"Organization","@id":"https:\/\/waterwaze.ca\/#organization","name":"waterwaze","url":"https:\/\/waterwaze.ca\/","logo":{"@type":"ImageObject","inLanguage":"fr-FR","@id":"https:\/\/waterwaze.ca\/#\/schema\/logo\/image\/","url":"https:\/\/waterwaze.ca\/wp-content\/uploads\/2025\/02\/cropped-WaterWazeLogo-2.webp","contentUrl":"https:\/\/waterwaze.ca\/wp-content\/uploads\/2025\/02\/cropped-WaterWazeLogo-2.webp","width":500,"height":208,"caption":"waterwaze"},"image":{"@id":"https:\/\/waterwaze.ca\/#\/schema\/logo\/image\/"}}]}},"_links":{"self":[{"href":"https:\/\/waterwaze.ca\/fr\/wp-json\/wp\/v2\/product\/5176","targetHints":{"allow":["GET"]}}],"collection":[{"href":"https:\/\/waterwaze.ca\/fr\/wp-json\/wp\/v2\/product"}],"about":[{"href":"https:\/\/waterwaze.ca\/fr\/wp-json\/wp\/v2\/types\/product"}],"replies":[{"embeddable":true,"href":"https:\/\/waterwaze.ca\/fr\/wp-json\/wp\/v2\/comments?post=5176"}],"wp:featuredmedia":[{"embeddable":true,"href":"https:\/\/waterwaze.ca\/fr\/wp-json\/wp\/v2\/media\/5175"}],"wp:attachment":[{"href":"https:\/\/waterwaze.ca\/fr\/wp-json\/wp\/v2\/media?parent=5176"}],"wp:term":[{"taxonomy":"product_brand","embeddable":true,"href":"https:\/\/waterwaze.ca\/fr\/wp-json\/wp\/v2\/product_brand?post=5176"},{"taxonomy":"product_cat","embeddable":true,"href":"https:\/\/waterwaze.ca\/fr\/wp-json\/wp\/v2\/product_cat?post=5176"},{"taxonomy":"product_tag","embeddable":true,"href":"https:\/\/waterwaze.ca\/fr\/wp-json\/wp\/v2\/product_tag?post=5176"}],"curies":[{"name":"wp","href":"https:\/\/api.w.org\/{rel}","templated":true}]}}