{"id":5475,"date":"2025-09-18T18:28:57","date_gmt":"2025-09-18T15:28:57","guid":{"rendered":"https:\/\/waterwaze.ca\/product\/matchball-arena\/"},"modified":"2025-09-18T18:28:57","modified_gmt":"2025-09-18T15:28:57","slug":"matchball-arena","status":"publish","type":"product","link":"https:\/\/waterwaze.ca\/fr\/product\/matchball-arena\/","title":{"rendered":"MatchBall Arena"},"content":{"rendered":"<p>Tandis qu&rsquo;un joueur d\u00e9fie son \u00e9quilibre sur la poutre centrale, d&rsquo;autres essaient de le faire tomber \u00e0 l&rsquo;aide des ballons gonfl\u00e9s suspendues \u00e0 des cordes. Quatre balles suspendues assurent une action constante &#8211; plus il y a de joueurs, plus le jeu est dynamique. Des marches int\u00e9gr\u00e9es permettent aux joueurs de remonter facilement sur le module depuis l&rsquo;eau.<br \/>\n  <!-- --><\/p>\n<p>Con\u00e7u comme un module autonome, le MatchBallArena est parfait pour les piscines ainsi que les lacs gr\u00e2ce \u00e0 sa faible profondeur. Avec son concept multijoueur interactif, il constitue un excellent moyen d&rsquo;am\u00e9liorer vos offres de loisirs avec une exp\u00e9rience sportive, ludique et engageante. <\/p>\n","protected":false},"excerpt":{"rendered":"<p>Tandis qu&rsquo;un joueur d\u00e9fie son \u00e9quilibre sur la poutre centrale, d&rsquo;autres essaient de le faire tomber \u00e0 l&rsquo;aide des ballons gonfl\u00e9s suspendues \u00e0 des cordes. Quatre balles suspendues assurent une action constante &#8211; plus il y a de joueurs, plus le jeu est dynamique. Des marches int\u00e9gr\u00e9es permettent aux joueurs de remonter facilement sur le [&hellip;]<\/p>\n","protected":false},"featured_media":5348,"comment_status":"open","ping_status":"closed","template":"","meta":{"_acf_changed":false,"site-sidebar-layout":"default","site-content-layout":"","ast-site-content-layout":"default","site-content-style":"default","site-sidebar-style":"default","ast-global-header-display":"","ast-banner-title-visibility":"","ast-main-header-display":"","ast-hfb-above-header-display":"","ast-hfb-below-header-display":"","ast-hfb-mobile-header-display":"","site-post-title":"","ast-breadcrumbs-content":"","ast-featured-img":"","footer-sml-layout":"","ast-disable-related-posts":"","theme-transparent-header-meta":"default","adv-header-id-meta":"","stick-header-meta":"","header-above-stick-meta":"","header-main-stick-meta":"","header-below-stick-meta":"","astra-migrate-meta-layouts":"default","ast-page-background-enabled":"default","ast-page-background-meta":{"desktop":{"background-color":"","background-image":"","background-repeat":"repeat","background-position":"center center","background-size":"auto","background-attachment":"scroll","background-type":"","background-media":"","overlay-type":"","overlay-color":"","overlay-opacity":"","overlay-gradient":""},"tablet":{"background-color":"","background-image":"","background-repeat":"repeat","background-position":"center center","background-size":"auto","background-attachment":"scroll","background-type":"","background-media":"","overlay-type":"","overlay-color":"","overlay-opacity":"","overlay-gradient":""},"mobile":{"background-color":"","background-image":"","background-repeat":"repeat","background-position":"center center","background-size":"auto","background-attachment":"scroll","background-type":"","background-media":"","overlay-type":"","overlay-color":"","overlay-opacity":"","overlay-gradient":""}},"ast-content-background-meta":{"desktop":{"background-color":"var(--ast-global-color-5)","background-image":"","background-repeat":"repeat","background-position":"center center","background-size":"auto","background-attachment":"scroll","background-type":"","background-media":"","overlay-type":"","overlay-color":"","overlay-opacity":"","overlay-gradient":""},"tablet":{"background-color":"var(--ast-global-color-5)","background-image":"","background-repeat":"repeat","background-position":"center center","background-size":"auto","background-attachment":"scroll","background-type":"","background-media":"","overlay-type":"","overlay-color":"","overlay-opacity":"","overlay-gradient":""},"mobile":{"background-color":"var(--ast-global-color-5)","background-image":"","background-repeat":"repeat","background-position":"center center","background-size":"auto","background-attachment":"scroll","background-type":"","background-media":"","overlay-type":"","overlay-color":"","overlay-opacity":"","overlay-gradient":""}}},"product_brand":[],"product_cat":[68,57,60,61],"product_tag":[],"class_list":{"0":"post-5475","1":"product","2":"type-product","3":"status-publish","4":"has-post-thumbnail","6":"product_cat-autonome","7":"product_cat-eau-libre","8":"product_cat-piscine-commerciale","9":"product_cat-structures-gonflables","10":"desktop-align-left","11":"tablet-align-left","12":"mobile-align-left","13":"ast-product-gallery-layout-horizontal-slider","15":"first","16":"instock","17":"shipping-taxable","18":"purchasable","19":"product-type-simple"},"acf":[],"yoast_head":"<!-- This site is optimized with the Yoast SEO plugin v27.3 - https:\/\/yoast.com\/product\/yoast-seo-wordpress\/ -->\n<title>MatchBall Arena - waterwaze<\/title>\n<meta name=\"robots\" content=\"index, follow, max-snippet:-1, max-image-preview:large, max-video-preview:-1\" \/>\n<link rel=\"canonical\" href=\"https:\/\/waterwaze.ca\/fr\/product\/matchball-arena\/\" \/>\n<meta property=\"og:locale\" content=\"fr_FR\" \/>\n<meta property=\"og:type\" content=\"article\" \/>\n<meta property=\"og:title\" content=\"MatchBall Arena - waterwaze\" \/>\n<meta property=\"og:description\" content=\"Tandis qu&rsquo;un joueur d\u00e9fie son \u00e9quilibre sur la poutre centrale, d&rsquo;autres essaient de le faire tomber \u00e0 l&rsquo;aide des ballons gonfl\u00e9s suspendues \u00e0 des cordes. Quatre balles suspendues assurent une action constante &#8211; plus il y a de joueurs, plus le jeu est dynamique. Des marches int\u00e9gr\u00e9es permettent aux joueurs de remonter facilement sur le [&hellip;]\" \/>\n<meta property=\"og:url\" content=\"https:\/\/waterwaze.ca\/fr\/product\/matchball-arena\/\" \/>\n<meta property=\"og:site_name\" content=\"waterwaze\" \/>\n<meta property=\"og:image\" content=\"https:\/\/waterwaze.ca\/wp-content\/uploads\/2025\/09\/0.8_30199_MatchBallArena_2026_WibitSports.jpg\" \/>\n\t<meta property=\"og:image:width\" content=\"1024\" \/>\n\t<meta property=\"og:image:height\" content=\"683\" \/>\n\t<meta property=\"og:image:type\" content=\"image\/jpeg\" \/>\n<meta name=\"twitter:card\" content=\"summary_large_image\" \/>\n<meta name=\"twitter:label1\" content=\"Dur\u00e9e de lecture estim\u00e9e\" \/>\n\t<meta name=\"twitter:data1\" content=\"1 minute\" \/>\n<script type=\"application\/ld+json\" class=\"yoast-schema-graph\">{\"@context\":\"https:\\\/\\\/schema.org\",\"@graph\":[{\"@type\":\"WebPage\",\"@id\":\"https:\\\/\\\/waterwaze.ca\\\/fr\\\/product\\\/matchball-arena\\\/\",\"url\":\"https:\\\/\\\/waterwaze.ca\\\/fr\\\/product\\\/matchball-arena\\\/\",\"name\":\"MatchBall Arena - waterwaze\",\"isPartOf\":{\"@id\":\"https:\\\/\\\/waterwaze.ca\\\/#website\"},\"primaryImageOfPage\":{\"@id\":\"https:\\\/\\\/waterwaze.ca\\\/fr\\\/product\\\/matchball-arena\\\/#primaryimage\"},\"image\":{\"@id\":\"https:\\\/\\\/waterwaze.ca\\\/fr\\\/product\\\/matchball-arena\\\/#primaryimage\"},\"thumbnailUrl\":\"https:\\\/\\\/waterwaze.ca\\\/wp-content\\\/uploads\\\/2025\\\/09\\\/0.8_30199_MatchBallArena_2026_WibitSports.jpg\",\"datePublished\":\"2025-09-18T15:28:57+00:00\",\"breadcrumb\":{\"@id\":\"https:\\\/\\\/waterwaze.ca\\\/fr\\\/product\\\/matchball-arena\\\/#breadcrumb\"},\"inLanguage\":\"fr-FR\",\"potentialAction\":[{\"@type\":\"ReadAction\",\"target\":[\"https:\\\/\\\/waterwaze.ca\\\/fr\\\/product\\\/matchball-arena\\\/\"]}]},{\"@type\":\"ImageObject\",\"inLanguage\":\"fr-FR\",\"@id\":\"https:\\\/\\\/waterwaze.ca\\\/fr\\\/product\\\/matchball-arena\\\/#primaryimage\",\"url\":\"https:\\\/\\\/waterwaze.ca\\\/wp-content\\\/uploads\\\/2025\\\/09\\\/0.8_30199_MatchBallArena_2026_WibitSports.jpg\",\"contentUrl\":\"https:\\\/\\\/waterwaze.ca\\\/wp-content\\\/uploads\\\/2025\\\/09\\\/0.8_30199_MatchBallArena_2026_WibitSports.jpg\",\"width\":1024,\"height\":683},{\"@type\":\"BreadcrumbList\",\"@id\":\"https:\\\/\\\/waterwaze.ca\\\/fr\\\/product\\\/matchball-arena\\\/#breadcrumb\",\"itemListElement\":[{\"@type\":\"ListItem\",\"position\":1,\"name\":\"Home\",\"item\":\"https:\\\/\\\/waterwaze.ca\\\/\"},{\"@type\":\"ListItem\",\"position\":2,\"name\":\"Boutique\",\"item\":\"https:\\\/\\\/waterwaze.ca\\\/shop\\\/\"},{\"@type\":\"ListItem\",\"position\":3,\"name\":\"MatchBall Arena\"}]},{\"@type\":\"WebSite\",\"@id\":\"https:\\\/\\\/waterwaze.ca\\\/#website\",\"url\":\"https:\\\/\\\/waterwaze.ca\\\/\",\"name\":\"waterwaze\",\"description\":\"CANADA\u2019S OPEN WATER &amp; COMMERCIAL POOL EXPERT\",\"publisher\":{\"@id\":\"https:\\\/\\\/waterwaze.ca\\\/#organization\"},\"potentialAction\":[{\"@type\":\"SearchAction\",\"target\":{\"@type\":\"EntryPoint\",\"urlTemplate\":\"https:\\\/\\\/waterwaze.ca\\\/?s={search_term_string}\"},\"query-input\":{\"@type\":\"PropertyValueSpecification\",\"valueRequired\":true,\"valueName\":\"search_term_string\"}}],\"inLanguage\":\"fr-FR\"},{\"@type\":\"Organization\",\"@id\":\"https:\\\/\\\/waterwaze.ca\\\/#organization\",\"name\":\"waterwaze\",\"url\":\"https:\\\/\\\/waterwaze.ca\\\/\",\"logo\":{\"@type\":\"ImageObject\",\"inLanguage\":\"fr-FR\",\"@id\":\"https:\\\/\\\/waterwaze.ca\\\/#\\\/schema\\\/logo\\\/image\\\/\",\"url\":\"https:\\\/\\\/waterwaze.ca\\\/wp-content\\\/uploads\\\/2025\\\/02\\\/cropped-WaterWazeLogo-2.webp\",\"contentUrl\":\"https:\\\/\\\/waterwaze.ca\\\/wp-content\\\/uploads\\\/2025\\\/02\\\/cropped-WaterWazeLogo-2.webp\",\"width\":500,\"height\":208,\"caption\":\"waterwaze\"},\"image\":{\"@id\":\"https:\\\/\\\/waterwaze.ca\\\/#\\\/schema\\\/logo\\\/image\\\/\"}}]}<\/script>\n<!-- \/ Yoast SEO plugin. -->","yoast_head_json":{"title":"MatchBall Arena - waterwaze","robots":{"index":"index","follow":"follow","max-snippet":"max-snippet:-1","max-image-preview":"max-image-preview:large","max-video-preview":"max-video-preview:-1"},"canonical":"https:\/\/waterwaze.ca\/fr\/product\/matchball-arena\/","og_locale":"fr_FR","og_type":"article","og_title":"MatchBall Arena - waterwaze","og_description":"Tandis qu&rsquo;un joueur d\u00e9fie son \u00e9quilibre sur la poutre centrale, d&rsquo;autres essaient de le faire tomber \u00e0 l&rsquo;aide des ballons gonfl\u00e9s suspendues \u00e0 des cordes. Quatre balles suspendues assurent une action constante &#8211; plus il y a de joueurs, plus le jeu est dynamique. Des marches int\u00e9gr\u00e9es permettent aux joueurs de remonter facilement sur le [&hellip;]","og_url":"https:\/\/waterwaze.ca\/fr\/product\/matchball-arena\/","og_site_name":"waterwaze","og_image":[{"width":1024,"height":683,"url":"https:\/\/waterwaze.ca\/wp-content\/uploads\/2025\/09\/0.8_30199_MatchBallArena_2026_WibitSports.jpg","type":"image\/jpeg"}],"twitter_card":"summary_large_image","twitter_misc":{"Dur\u00e9e de lecture estim\u00e9e":"1 minute"},"schema":{"@context":"https:\/\/schema.org","@graph":[{"@type":"WebPage","@id":"https:\/\/waterwaze.ca\/fr\/product\/matchball-arena\/","url":"https:\/\/waterwaze.ca\/fr\/product\/matchball-arena\/","name":"MatchBall Arena - waterwaze","isPartOf":{"@id":"https:\/\/waterwaze.ca\/#website"},"primaryImageOfPage":{"@id":"https:\/\/waterwaze.ca\/fr\/product\/matchball-arena\/#primaryimage"},"image":{"@id":"https:\/\/waterwaze.ca\/fr\/product\/matchball-arena\/#primaryimage"},"thumbnailUrl":"https:\/\/waterwaze.ca\/wp-content\/uploads\/2025\/09\/0.8_30199_MatchBallArena_2026_WibitSports.jpg","datePublished":"2025-09-18T15:28:57+00:00","breadcrumb":{"@id":"https:\/\/waterwaze.ca\/fr\/product\/matchball-arena\/#breadcrumb"},"inLanguage":"fr-FR","potentialAction":[{"@type":"ReadAction","target":["https:\/\/waterwaze.ca\/fr\/product\/matchball-arena\/"]}]},{"@type":"ImageObject","inLanguage":"fr-FR","@id":"https:\/\/waterwaze.ca\/fr\/product\/matchball-arena\/#primaryimage","url":"https:\/\/waterwaze.ca\/wp-content\/uploads\/2025\/09\/0.8_30199_MatchBallArena_2026_WibitSports.jpg","contentUrl":"https:\/\/waterwaze.ca\/wp-content\/uploads\/2025\/09\/0.8_30199_MatchBallArena_2026_WibitSports.jpg","width":1024,"height":683},{"@type":"BreadcrumbList","@id":"https:\/\/waterwaze.ca\/fr\/product\/matchball-arena\/#breadcrumb","itemListElement":[{"@type":"ListItem","position":1,"name":"Home","item":"https:\/\/waterwaze.ca\/"},{"@type":"ListItem","position":2,"name":"Boutique","item":"https:\/\/waterwaze.ca\/shop\/"},{"@type":"ListItem","position":3,"name":"MatchBall Arena"}]},{"@type":"WebSite","@id":"https:\/\/waterwaze.ca\/#website","url":"https:\/\/waterwaze.ca\/","name":"waterwaze","description":"CANADA\u2019S OPEN WATER &amp; COMMERCIAL POOL EXPERT","publisher":{"@id":"https:\/\/waterwaze.ca\/#organization"},"potentialAction":[{"@type":"SearchAction","target":{"@type":"EntryPoint","urlTemplate":"https:\/\/waterwaze.ca\/?s={search_term_string}"},"query-input":{"@type":"PropertyValueSpecification","valueRequired":true,"valueName":"search_term_string"}}],"inLanguage":"fr-FR"},{"@type":"Organization","@id":"https:\/\/waterwaze.ca\/#organization","name":"waterwaze","url":"https:\/\/waterwaze.ca\/","logo":{"@type":"ImageObject","inLanguage":"fr-FR","@id":"https:\/\/waterwaze.ca\/#\/schema\/logo\/image\/","url":"https:\/\/waterwaze.ca\/wp-content\/uploads\/2025\/02\/cropped-WaterWazeLogo-2.webp","contentUrl":"https:\/\/waterwaze.ca\/wp-content\/uploads\/2025\/02\/cropped-WaterWazeLogo-2.webp","width":500,"height":208,"caption":"waterwaze"},"image":{"@id":"https:\/\/waterwaze.ca\/#\/schema\/logo\/image\/"}}]}},"_links":{"self":[{"href":"https:\/\/waterwaze.ca\/fr\/wp-json\/wp\/v2\/product\/5475","targetHints":{"allow":["GET"]}}],"collection":[{"href":"https:\/\/waterwaze.ca\/fr\/wp-json\/wp\/v2\/product"}],"about":[{"href":"https:\/\/waterwaze.ca\/fr\/wp-json\/wp\/v2\/types\/product"}],"replies":[{"embeddable":true,"href":"https:\/\/waterwaze.ca\/fr\/wp-json\/wp\/v2\/comments?post=5475"}],"wp:featuredmedia":[{"embeddable":true,"href":"https:\/\/waterwaze.ca\/fr\/wp-json\/wp\/v2\/media\/5348"}],"wp:attachment":[{"href":"https:\/\/waterwaze.ca\/fr\/wp-json\/wp\/v2\/media?parent=5475"}],"wp:term":[{"taxonomy":"product_brand","embeddable":true,"href":"https:\/\/waterwaze.ca\/fr\/wp-json\/wp\/v2\/product_brand?post=5475"},{"taxonomy":"product_cat","embeddable":true,"href":"https:\/\/waterwaze.ca\/fr\/wp-json\/wp\/v2\/product_cat?post=5475"},{"taxonomy":"product_tag","embeddable":true,"href":"https:\/\/waterwaze.ca\/fr\/wp-json\/wp\/v2\/product_tag?post=5475"}],"curies":[{"name":"wp","href":"https:\/\/api.w.org\/{rel}","templated":true}]}}