{"id":5477,"date":"2025-09-19T14:01:04","date_gmt":"2025-09-19T11:01:04","guid":{"rendered":"https:\/\/waterwaze.ca\/?post_type=product&p=5477"},"modified":"2025-09-19T14:01:04","modified_gmt":"2025-09-19T11:01:04","slug":"speedslide","status":"publish","type":"product","link":"https:\/\/waterwaze.ca\/fr\/product\/speedslide\/","title":{"rendered":"SpeedSlide"},"content":{"rendered":"<p>Avec un d\u00e9part en courant sur la surface, les utilisateurs peuvent glisser dans l&rsquo;eau sur le ventre, les genoux ou m\u00eame debout le long de la piste. La mont\u00e9e m\u00e8ne \u00e0 une zone d&rsquo;attente s\u00e9par\u00e9e, d&rsquo;o\u00f9 la surface d&rsquo;\u00e9lan permet un d\u00e9part en toute s\u00e9curit\u00e9.<br \/>\nSur la surface de glisse, la technique d\u00e9termine si vous glissez directement dans l&rsquo;eau \u00e0 la fin de la piste ou<br \/>\nsi vous vous laissez glisser sur le c\u00f4t\u00e9 au pr\u00e9alable. <\/p>\n<p>&nbsp;<\/p>\n<p>Le SpeedSlide est un module compact, autonome et peu encombrant, parfaitement adapt\u00e9 aux piscines et<br \/>\naux bords de l&rsquo;eau peu profonds. La s\u00e9paration claire entre la mont\u00e9e, la descente et la surface de glissement assure un flux fluide<br \/><!-- -->et augmente la s\u00e9curit\u00e9 op\u00e9rationnelle. Le SpeedSlide ne n\u00e9cessite pas d&rsquo;alimentation en eau et offre un moyen simple d&rsquo;am\u00e9liorer consid\u00e9rablement l&rsquo;attrait de votre installation.  <\/p>\n","protected":false},"excerpt":{"rendered":"<p>Avec un d\u00e9part en courant sur la surface, les utilisateurs peuvent glisser dans l&rsquo;eau sur le ventre, les genoux ou m\u00eame debout le long de la piste. La mont\u00e9e m\u00e8ne \u00e0 une zone d&rsquo;attente s\u00e9par\u00e9e, d&rsquo;o\u00f9 la surface d&rsquo;\u00e9lan permet un d\u00e9part en toute s\u00e9curit\u00e9. Sur la surface de glisse, la technique d\u00e9termine si vous [&hellip;]<\/p>\n","protected":false},"featured_media":5367,"comment_status":"open","ping_status":"closed","template":"","meta":{"_acf_changed":false,"site-sidebar-layout":"default","site-content-layout":"","ast-site-content-layout":"default","site-content-style":"default","site-sidebar-style":"default","ast-global-header-display":"","ast-banner-title-visibility":"","ast-main-header-display":"","ast-hfb-above-header-display":"","ast-hfb-below-header-display":"","ast-hfb-mobile-header-display":"","site-post-title":"","ast-breadcrumbs-content":"","ast-featured-img":"","footer-sml-layout":"","ast-disable-related-posts":"","theme-transparent-header-meta":"default","adv-header-id-meta":"","stick-header-meta":"","header-above-stick-meta":"","header-main-stick-meta":"","header-below-stick-meta":"","astra-migrate-meta-layouts":"default","ast-page-background-enabled":"default","ast-page-background-meta":{"desktop":{"background-color":"","background-image":"","background-repeat":"repeat","background-position":"center center","background-size":"auto","background-attachment":"scroll","background-type":"","background-media":"","overlay-type":"","overlay-color":"","overlay-opacity":"","overlay-gradient":""},"tablet":{"background-color":"","background-image":"","background-repeat":"repeat","background-position":"center center","background-size":"auto","background-attachment":"scroll","background-type":"","background-media":"","overlay-type":"","overlay-color":"","overlay-opacity":"","overlay-gradient":""},"mobile":{"background-color":"","background-image":"","background-repeat":"repeat","background-position":"center center","background-size":"auto","background-attachment":"scroll","background-type":"","background-media":"","overlay-type":"","overlay-color":"","overlay-opacity":"","overlay-gradient":""}},"ast-content-background-meta":{"desktop":{"background-color":"var(--ast-global-color-5)","background-image":"","background-repeat":"repeat","background-position":"center center","background-size":"auto","background-attachment":"scroll","background-type":"","background-media":"","overlay-type":"","overlay-color":"","overlay-opacity":"","overlay-gradient":""},"tablet":{"background-color":"var(--ast-global-color-5)","background-image":"","background-repeat":"repeat","background-position":"center center","background-size":"auto","background-attachment":"scroll","background-type":"","background-media":"","overlay-type":"","overlay-color":"","overlay-opacity":"","overlay-gradient":""},"mobile":{"background-color":"var(--ast-global-color-5)","background-image":"","background-repeat":"repeat","background-position":"center center","background-size":"auto","background-attachment":"scroll","background-type":"","background-media":"","overlay-type":"","overlay-color":"","overlay-opacity":"","overlay-gradient":""}}},"product_brand":[],"product_cat":[68,57,60,61],"product_tag":[],"class_list":{"0":"post-5477","1":"product","2":"type-product","3":"status-publish","4":"has-post-thumbnail","6":"product_cat-autonome","7":"product_cat-eau-libre","8":"product_cat-piscine-commerciale","9":"product_cat-structures-gonflables","10":"desktop-align-left","11":"tablet-align-left","12":"mobile-align-left","13":"ast-product-gallery-layout-horizontal-slider","15":"first","16":"instock","17":"shipping-taxable","18":"purchasable","19":"product-type-simple"},"acf":[],"yoast_head":"<!-- This site is optimized with the Yoast SEO plugin v27.3 - https:\/\/yoast.com\/product\/yoast-seo-wordpress\/ -->\n<title>SpeedSlide - waterwaze<\/title>\n<meta name=\"robots\" content=\"index, follow, max-snippet:-1, max-image-preview:large, max-video-preview:-1\" \/>\n<link rel=\"canonical\" href=\"https:\/\/waterwaze.ca\/fr\/product\/speedslide\/\" \/>\n<meta property=\"og:locale\" content=\"fr_FR\" \/>\n<meta property=\"og:type\" content=\"article\" \/>\n<meta property=\"og:title\" content=\"SpeedSlide - waterwaze\" \/>\n<meta property=\"og:description\" content=\"Avec un d\u00e9part en courant sur la surface, les utilisateurs peuvent glisser dans l&rsquo;eau sur le ventre, les genoux ou m\u00eame debout le long de la piste. La mont\u00e9e m\u00e8ne \u00e0 une zone d&rsquo;attente s\u00e9par\u00e9e, d&rsquo;o\u00f9 la surface d&rsquo;\u00e9lan permet un d\u00e9part en toute s\u00e9curit\u00e9. Sur la surface de glisse, la technique d\u00e9termine si vous [&hellip;]\" \/>\n<meta property=\"og:url\" content=\"https:\/\/waterwaze.ca\/fr\/product\/speedslide\/\" \/>\n<meta property=\"og:site_name\" content=\"waterwaze\" \/>\n<meta property=\"og:image\" content=\"https:\/\/waterwaze.ca\/wp-content\/uploads\/2025\/09\/0.6_30195_SpeedSlide_2026_WibitSports.jpg\" \/>\n\t<meta property=\"og:image:width\" content=\"1024\" \/>\n\t<meta property=\"og:image:height\" content=\"683\" \/>\n\t<meta property=\"og:image:type\" content=\"image\/jpeg\" \/>\n<meta name=\"twitter:card\" content=\"summary_large_image\" \/>\n<meta name=\"twitter:label1\" content=\"Dur\u00e9e de lecture estim\u00e9e\" \/>\n\t<meta name=\"twitter:data1\" content=\"1 minute\" \/>\n<script type=\"application\/ld+json\" class=\"yoast-schema-graph\">{\"@context\":\"https:\\\/\\\/schema.org\",\"@graph\":[{\"@type\":\"WebPage\",\"@id\":\"https:\\\/\\\/waterwaze.ca\\\/fr\\\/product\\\/speedslide\\\/\",\"url\":\"https:\\\/\\\/waterwaze.ca\\\/fr\\\/product\\\/speedslide\\\/\",\"name\":\"SpeedSlide - waterwaze\",\"isPartOf\":{\"@id\":\"https:\\\/\\\/waterwaze.ca\\\/#website\"},\"primaryImageOfPage\":{\"@id\":\"https:\\\/\\\/waterwaze.ca\\\/fr\\\/product\\\/speedslide\\\/#primaryimage\"},\"image\":{\"@id\":\"https:\\\/\\\/waterwaze.ca\\\/fr\\\/product\\\/speedslide\\\/#primaryimage\"},\"thumbnailUrl\":\"https:\\\/\\\/waterwaze.ca\\\/wp-content\\\/uploads\\\/2025\\\/09\\\/0.6_30195_SpeedSlide_2026_WibitSports.jpg\",\"datePublished\":\"2025-09-19T11:01:04+00:00\",\"breadcrumb\":{\"@id\":\"https:\\\/\\\/waterwaze.ca\\\/fr\\\/product\\\/speedslide\\\/#breadcrumb\"},\"inLanguage\":\"fr-FR\",\"potentialAction\":[{\"@type\":\"ReadAction\",\"target\":[\"https:\\\/\\\/waterwaze.ca\\\/fr\\\/product\\\/speedslide\\\/\"]}]},{\"@type\":\"ImageObject\",\"inLanguage\":\"fr-FR\",\"@id\":\"https:\\\/\\\/waterwaze.ca\\\/fr\\\/product\\\/speedslide\\\/#primaryimage\",\"url\":\"https:\\\/\\\/waterwaze.ca\\\/wp-content\\\/uploads\\\/2025\\\/09\\\/0.6_30195_SpeedSlide_2026_WibitSports.jpg\",\"contentUrl\":\"https:\\\/\\\/waterwaze.ca\\\/wp-content\\\/uploads\\\/2025\\\/09\\\/0.6_30195_SpeedSlide_2026_WibitSports.jpg\",\"width\":1024,\"height\":683},{\"@type\":\"BreadcrumbList\",\"@id\":\"https:\\\/\\\/waterwaze.ca\\\/fr\\\/product\\\/speedslide\\\/#breadcrumb\",\"itemListElement\":[{\"@type\":\"ListItem\",\"position\":1,\"name\":\"Home\",\"item\":\"https:\\\/\\\/waterwaze.ca\\\/\"},{\"@type\":\"ListItem\",\"position\":2,\"name\":\"Boutique\",\"item\":\"https:\\\/\\\/waterwaze.ca\\\/shop\\\/\"},{\"@type\":\"ListItem\",\"position\":3,\"name\":\"Private: SpeedSlide\"}]},{\"@type\":\"WebSite\",\"@id\":\"https:\\\/\\\/waterwaze.ca\\\/#website\",\"url\":\"https:\\\/\\\/waterwaze.ca\\\/\",\"name\":\"waterwaze\",\"description\":\"CANADA\u2019S OPEN WATER &amp; COMMERCIAL POOL EXPERT\",\"publisher\":{\"@id\":\"https:\\\/\\\/waterwaze.ca\\\/#organization\"},\"potentialAction\":[{\"@type\":\"SearchAction\",\"target\":{\"@type\":\"EntryPoint\",\"urlTemplate\":\"https:\\\/\\\/waterwaze.ca\\\/?s={search_term_string}\"},\"query-input\":{\"@type\":\"PropertyValueSpecification\",\"valueRequired\":true,\"valueName\":\"search_term_string\"}}],\"inLanguage\":\"fr-FR\"},{\"@type\":\"Organization\",\"@id\":\"https:\\\/\\\/waterwaze.ca\\\/#organization\",\"name\":\"waterwaze\",\"url\":\"https:\\\/\\\/waterwaze.ca\\\/\",\"logo\":{\"@type\":\"ImageObject\",\"inLanguage\":\"fr-FR\",\"@id\":\"https:\\\/\\\/waterwaze.ca\\\/#\\\/schema\\\/logo\\\/image\\\/\",\"url\":\"https:\\\/\\\/waterwaze.ca\\\/wp-content\\\/uploads\\\/2025\\\/02\\\/cropped-WaterWazeLogo-2.webp\",\"contentUrl\":\"https:\\\/\\\/waterwaze.ca\\\/wp-content\\\/uploads\\\/2025\\\/02\\\/cropped-WaterWazeLogo-2.webp\",\"width\":500,\"height\":208,\"caption\":\"waterwaze\"},\"image\":{\"@id\":\"https:\\\/\\\/waterwaze.ca\\\/#\\\/schema\\\/logo\\\/image\\\/\"}}]}<\/script>\n<!-- \/ Yoast SEO plugin. -->","yoast_head_json":{"title":"SpeedSlide - waterwaze","robots":{"index":"index","follow":"follow","max-snippet":"max-snippet:-1","max-image-preview":"max-image-preview:large","max-video-preview":"max-video-preview:-1"},"canonical":"https:\/\/waterwaze.ca\/fr\/product\/speedslide\/","og_locale":"fr_FR","og_type":"article","og_title":"SpeedSlide - waterwaze","og_description":"Avec un d\u00e9part en courant sur la surface, les utilisateurs peuvent glisser dans l&rsquo;eau sur le ventre, les genoux ou m\u00eame debout le long de la piste. La mont\u00e9e m\u00e8ne \u00e0 une zone d&rsquo;attente s\u00e9par\u00e9e, d&rsquo;o\u00f9 la surface d&rsquo;\u00e9lan permet un d\u00e9part en toute s\u00e9curit\u00e9. Sur la surface de glisse, la technique d\u00e9termine si vous [&hellip;]","og_url":"https:\/\/waterwaze.ca\/fr\/product\/speedslide\/","og_site_name":"waterwaze","og_image":[{"width":1024,"height":683,"url":"https:\/\/waterwaze.ca\/wp-content\/uploads\/2025\/09\/0.6_30195_SpeedSlide_2026_WibitSports.jpg","type":"image\/jpeg"}],"twitter_card":"summary_large_image","twitter_misc":{"Dur\u00e9e de lecture estim\u00e9e":"1 minute"},"schema":{"@context":"https:\/\/schema.org","@graph":[{"@type":"WebPage","@id":"https:\/\/waterwaze.ca\/fr\/product\/speedslide\/","url":"https:\/\/waterwaze.ca\/fr\/product\/speedslide\/","name":"SpeedSlide - waterwaze","isPartOf":{"@id":"https:\/\/waterwaze.ca\/#website"},"primaryImageOfPage":{"@id":"https:\/\/waterwaze.ca\/fr\/product\/speedslide\/#primaryimage"},"image":{"@id":"https:\/\/waterwaze.ca\/fr\/product\/speedslide\/#primaryimage"},"thumbnailUrl":"https:\/\/waterwaze.ca\/wp-content\/uploads\/2025\/09\/0.6_30195_SpeedSlide_2026_WibitSports.jpg","datePublished":"2025-09-19T11:01:04+00:00","breadcrumb":{"@id":"https:\/\/waterwaze.ca\/fr\/product\/speedslide\/#breadcrumb"},"inLanguage":"fr-FR","potentialAction":[{"@type":"ReadAction","target":["https:\/\/waterwaze.ca\/fr\/product\/speedslide\/"]}]},{"@type":"ImageObject","inLanguage":"fr-FR","@id":"https:\/\/waterwaze.ca\/fr\/product\/speedslide\/#primaryimage","url":"https:\/\/waterwaze.ca\/wp-content\/uploads\/2025\/09\/0.6_30195_SpeedSlide_2026_WibitSports.jpg","contentUrl":"https:\/\/waterwaze.ca\/wp-content\/uploads\/2025\/09\/0.6_30195_SpeedSlide_2026_WibitSports.jpg","width":1024,"height":683},{"@type":"BreadcrumbList","@id":"https:\/\/waterwaze.ca\/fr\/product\/speedslide\/#breadcrumb","itemListElement":[{"@type":"ListItem","position":1,"name":"Home","item":"https:\/\/waterwaze.ca\/"},{"@type":"ListItem","position":2,"name":"Boutique","item":"https:\/\/waterwaze.ca\/shop\/"},{"@type":"ListItem","position":3,"name":"Private: SpeedSlide"}]},{"@type":"WebSite","@id":"https:\/\/waterwaze.ca\/#website","url":"https:\/\/waterwaze.ca\/","name":"waterwaze","description":"CANADA\u2019S OPEN WATER &amp; COMMERCIAL POOL EXPERT","publisher":{"@id":"https:\/\/waterwaze.ca\/#organization"},"potentialAction":[{"@type":"SearchAction","target":{"@type":"EntryPoint","urlTemplate":"https:\/\/waterwaze.ca\/?s={search_term_string}"},"query-input":{"@type":"PropertyValueSpecification","valueRequired":true,"valueName":"search_term_string"}}],"inLanguage":"fr-FR"},{"@type":"Organization","@id":"https:\/\/waterwaze.ca\/#organization","name":"waterwaze","url":"https:\/\/waterwaze.ca\/","logo":{"@type":"ImageObject","inLanguage":"fr-FR","@id":"https:\/\/waterwaze.ca\/#\/schema\/logo\/image\/","url":"https:\/\/waterwaze.ca\/wp-content\/uploads\/2025\/02\/cropped-WaterWazeLogo-2.webp","contentUrl":"https:\/\/waterwaze.ca\/wp-content\/uploads\/2025\/02\/cropped-WaterWazeLogo-2.webp","width":500,"height":208,"caption":"waterwaze"},"image":{"@id":"https:\/\/waterwaze.ca\/#\/schema\/logo\/image\/"}}]}},"_links":{"self":[{"href":"https:\/\/waterwaze.ca\/fr\/wp-json\/wp\/v2\/product\/5477","targetHints":{"allow":["GET"]}}],"collection":[{"href":"https:\/\/waterwaze.ca\/fr\/wp-json\/wp\/v2\/product"}],"about":[{"href":"https:\/\/waterwaze.ca\/fr\/wp-json\/wp\/v2\/types\/product"}],"replies":[{"embeddable":true,"href":"https:\/\/waterwaze.ca\/fr\/wp-json\/wp\/v2\/comments?post=5477"}],"wp:featuredmedia":[{"embeddable":true,"href":"https:\/\/waterwaze.ca\/fr\/wp-json\/wp\/v2\/media\/5367"}],"wp:attachment":[{"href":"https:\/\/waterwaze.ca\/fr\/wp-json\/wp\/v2\/media?parent=5477"}],"wp:term":[{"taxonomy":"product_brand","embeddable":true,"href":"https:\/\/waterwaze.ca\/fr\/wp-json\/wp\/v2\/product_brand?post=5477"},{"taxonomy":"product_cat","embeddable":true,"href":"https:\/\/waterwaze.ca\/fr\/wp-json\/wp\/v2\/product_cat?post=5477"},{"taxonomy":"product_tag","embeddable":true,"href":"https:\/\/waterwaze.ca\/fr\/wp-json\/wp\/v2\/product_tag?post=5477"}],"curies":[{"name":"wp","href":"https:\/\/api.w.org\/{rel}","templated":true}]}}