{"id":5478,"date":"2025-09-18T18:22:47","date_gmt":"2025-09-18T15:22:47","guid":{"rendered":"https:\/\/waterwaze.ca\/?post_type=product&p=5478"},"modified":"2025-09-18T18:22:47","modified_gmt":"2025-09-18T15:22:47","slug":"levelpass","status":"publish","type":"product","link":"https:\/\/waterwaze.ca\/fr\/product\/levelpass\/","title":{"rendered":"LevelPass"},"content":{"rendered":"<p>Le LevelPass se franchit en s&rsquo;appuyant soigneusement avec les mains et les pieds sur des arches oppos\u00e9es, tandis que le d\u00e9placement pas \u00e0 pas sur la surface antid\u00e9rapante n\u00e9cessite une force et une coordination du haut du corps. Gr\u00e2ce \u00e0 sa conception en forme de pont, le passage situ\u00e9 en dessous reste ouvert, permettant le passage des sauveteurs tout en offrant un acc\u00e8s direct \u00e0 l&rsquo;eau pour les zones ferm\u00e9es. <\/p>\n","protected":false},"excerpt":{"rendered":"<p>Le LevelPass se franchit en s&rsquo;appuyant soigneusement avec les mains et les pieds sur des arches oppos\u00e9es, tandis que le d\u00e9placement pas \u00e0 pas sur la surface antid\u00e9rapante n\u00e9cessite une force et une coordination du haut du corps. Gr\u00e2ce \u00e0 sa conception en forme de pont, le passage situ\u00e9 en dessous reste ouvert, permettant le [&hellip;]<\/p>\n","protected":false},"featured_media":5337,"comment_status":"open","ping_status":"closed","template":"","meta":{"_acf_changed":false,"site-sidebar-layout":"default","site-content-layout":"","ast-site-content-layout":"default","site-content-style":"default","site-sidebar-style":"default","ast-global-header-display":"","ast-banner-title-visibility":"","ast-main-header-display":"","ast-hfb-above-header-display":"","ast-hfb-below-header-display":"","ast-hfb-mobile-header-display":"","site-post-title":"","ast-breadcrumbs-content":"","ast-featured-img":"","footer-sml-layout":"","ast-disable-related-posts":"","theme-transparent-header-meta":"default","adv-header-id-meta":"","stick-header-meta":"","header-above-stick-meta":"","header-main-stick-meta":"","header-below-stick-meta":"","astra-migrate-meta-layouts":"default","ast-page-background-enabled":"default","ast-page-background-meta":{"desktop":{"background-color":"","background-image":"","background-repeat":"repeat","background-position":"center center","background-size":"auto","background-attachment":"scroll","background-type":"","background-media":"","overlay-type":"","overlay-color":"","overlay-opacity":"","overlay-gradient":""},"tablet":{"background-color":"","background-image":"","background-repeat":"repeat","background-position":"center center","background-size":"auto","background-attachment":"scroll","background-type":"","background-media":"","overlay-type":"","overlay-color":"","overlay-opacity":"","overlay-gradient":""},"mobile":{"background-color":"","background-image":"","background-repeat":"repeat","background-position":"center center","background-size":"auto","background-attachment":"scroll","background-type":"","background-media":"","overlay-type":"","overlay-color":"","overlay-opacity":"","overlay-gradient":""}},"ast-content-background-meta":{"desktop":{"background-color":"var(--ast-global-color-5)","background-image":"","background-repeat":"repeat","background-position":"center center","background-size":"auto","background-attachment":"scroll","background-type":"","background-media":"","overlay-type":"","overlay-color":"","overlay-opacity":"","overlay-gradient":""},"tablet":{"background-color":"var(--ast-global-color-5)","background-image":"","background-repeat":"repeat","background-position":"center center","background-size":"auto","background-attachment":"scroll","background-type":"","background-media":"","overlay-type":"","overlay-color":"","overlay-opacity":"","overlay-gradient":""},"mobile":{"background-color":"var(--ast-global-color-5)","background-image":"","background-repeat":"repeat","background-position":"center center","background-size":"auto","background-attachment":"scroll","background-type":"","background-media":"","overlay-type":"","overlay-color":"","overlay-opacity":"","overlay-gradient":""}}},"product_brand":[],"product_cat":[57,60,61],"product_tag":[],"class_list":{"0":"post-5478","1":"product","2":"type-product","3":"status-publish","4":"has-post-thumbnail","6":"product_cat-eau-libre","7":"product_cat-piscine-commerciale","8":"product_cat-structures-gonflables","9":"desktop-align-left","10":"tablet-align-left","11":"mobile-align-left","12":"ast-product-gallery-layout-horizontal-slider","14":"first","15":"instock","16":"shipping-taxable","17":"purchasable","18":"product-type-simple"},"acf":[],"yoast_head":"<!-- This site is optimized with the Yoast SEO plugin v27.3 - https:\/\/yoast.com\/product\/yoast-seo-wordpress\/ -->\n<title>LevelPass - waterwaze<\/title>\n<meta name=\"robots\" content=\"index, follow, max-snippet:-1, max-image-preview:large, max-video-preview:-1\" \/>\n<link rel=\"canonical\" href=\"https:\/\/waterwaze.ca\/fr\/?post_type=product&p=5478\" \/>\n<meta property=\"og:locale\" content=\"fr_FR\" \/>\n<meta property=\"og:type\" content=\"article\" \/>\n<meta property=\"og:title\" content=\"LevelPass - waterwaze\" \/>\n<meta property=\"og:description\" content=\"Le LevelPass se franchit en s&rsquo;appuyant soigneusement avec les mains et les pieds sur des arches oppos\u00e9es, tandis que le d\u00e9placement pas \u00e0 pas sur la surface antid\u00e9rapante n\u00e9cessite une force et une coordination du haut du corps. Gr\u00e2ce \u00e0 sa conception en forme de pont, le passage situ\u00e9 en dessous reste ouvert, permettant le [&hellip;]\" \/>\n<meta property=\"og:url\" content=\"https:\/\/waterwaze.ca\/fr\/?post_type=product&amp;p=5478\" \/>\n<meta property=\"og:site_name\" content=\"waterwaze\" \/>\n<meta property=\"og:image\" content=\"https:\/\/waterwaze.ca\/wp-content\/uploads\/2025\/09\/0.3_30196_LevelPass_2026_WibitSports.jpg\" \/>\n\t<meta property=\"og:image:width\" content=\"1024\" \/>\n\t<meta property=\"og:image:height\" content=\"683\" \/>\n\t<meta property=\"og:image:type\" content=\"image\/jpeg\" \/>\n<meta name=\"twitter:card\" content=\"summary_large_image\" \/>\n<script type=\"application\/ld+json\" class=\"yoast-schema-graph\">{\"@context\":\"https:\\\/\\\/schema.org\",\"@graph\":[{\"@type\":\"WebPage\",\"@id\":\"https:\\\/\\\/waterwaze.ca\\\/fr\\\/?post_type=product&p=5478\",\"url\":\"https:\\\/\\\/waterwaze.ca\\\/fr\\\/?post_type=product&p=5478\",\"name\":\"LevelPass - waterwaze\",\"isPartOf\":{\"@id\":\"https:\\\/\\\/waterwaze.ca\\\/#website\"},\"primaryImageOfPage\":{\"@id\":\"https:\\\/\\\/waterwaze.ca\\\/fr\\\/?post_type=product&p=5478#primaryimage\"},\"image\":{\"@id\":\"https:\\\/\\\/waterwaze.ca\\\/fr\\\/?post_type=product&p=5478#primaryimage\"},\"thumbnailUrl\":\"https:\\\/\\\/waterwaze.ca\\\/wp-content\\\/uploads\\\/2025\\\/09\\\/0.3_30196_LevelPass_2026_WibitSports.jpg\",\"datePublished\":\"2025-09-18T15:22:47+00:00\",\"breadcrumb\":{\"@id\":\"https:\\\/\\\/waterwaze.ca\\\/fr\\\/?post_type=product&p=5478#breadcrumb\"},\"inLanguage\":\"fr-FR\",\"potentialAction\":[{\"@type\":\"ReadAction\",\"target\":[\"https:\\\/\\\/waterwaze.ca\\\/fr\\\/?post_type=product&p=5478\"]}]},{\"@type\":\"ImageObject\",\"inLanguage\":\"fr-FR\",\"@id\":\"https:\\\/\\\/waterwaze.ca\\\/fr\\\/?post_type=product&p=5478#primaryimage\",\"url\":\"https:\\\/\\\/waterwaze.ca\\\/wp-content\\\/uploads\\\/2025\\\/09\\\/0.3_30196_LevelPass_2026_WibitSports.jpg\",\"contentUrl\":\"https:\\\/\\\/waterwaze.ca\\\/wp-content\\\/uploads\\\/2025\\\/09\\\/0.3_30196_LevelPass_2026_WibitSports.jpg\",\"width\":1024,\"height\":683},{\"@type\":\"BreadcrumbList\",\"@id\":\"https:\\\/\\\/waterwaze.ca\\\/fr\\\/?post_type=product&p=5478#breadcrumb\",\"itemListElement\":[{\"@type\":\"ListItem\",\"position\":1,\"name\":\"Home\",\"item\":\"https:\\\/\\\/waterwaze.ca\\\/\"},{\"@type\":\"ListItem\",\"position\":2,\"name\":\"Boutique\",\"item\":\"https:\\\/\\\/waterwaze.ca\\\/shop\\\/\"},{\"@type\":\"ListItem\",\"position\":3,\"name\":\"Private: LevelPass\"}]},{\"@type\":\"WebSite\",\"@id\":\"https:\\\/\\\/waterwaze.ca\\\/#website\",\"url\":\"https:\\\/\\\/waterwaze.ca\\\/\",\"name\":\"waterwaze\",\"description\":\"CANADA\u2019S OPEN WATER &amp; COMMERCIAL POOL EXPERT\",\"publisher\":{\"@id\":\"https:\\\/\\\/waterwaze.ca\\\/#organization\"},\"potentialAction\":[{\"@type\":\"SearchAction\",\"target\":{\"@type\":\"EntryPoint\",\"urlTemplate\":\"https:\\\/\\\/waterwaze.ca\\\/?s={search_term_string}\"},\"query-input\":{\"@type\":\"PropertyValueSpecification\",\"valueRequired\":true,\"valueName\":\"search_term_string\"}}],\"inLanguage\":\"fr-FR\"},{\"@type\":\"Organization\",\"@id\":\"https:\\\/\\\/waterwaze.ca\\\/#organization\",\"name\":\"waterwaze\",\"url\":\"https:\\\/\\\/waterwaze.ca\\\/\",\"logo\":{\"@type\":\"ImageObject\",\"inLanguage\":\"fr-FR\",\"@id\":\"https:\\\/\\\/waterwaze.ca\\\/#\\\/schema\\\/logo\\\/image\\\/\",\"url\":\"https:\\\/\\\/waterwaze.ca\\\/wp-content\\\/uploads\\\/2025\\\/02\\\/cropped-WaterWazeLogo-2.webp\",\"contentUrl\":\"https:\\\/\\\/waterwaze.ca\\\/wp-content\\\/uploads\\\/2025\\\/02\\\/cropped-WaterWazeLogo-2.webp\",\"width\":500,\"height\":208,\"caption\":\"waterwaze\"},\"image\":{\"@id\":\"https:\\\/\\\/waterwaze.ca\\\/#\\\/schema\\\/logo\\\/image\\\/\"}}]}<\/script>\n<!-- \/ Yoast SEO plugin. -->","yoast_head_json":{"title":"LevelPass - waterwaze","robots":{"index":"index","follow":"follow","max-snippet":"max-snippet:-1","max-image-preview":"max-image-preview:large","max-video-preview":"max-video-preview:-1"},"canonical":"https:\/\/waterwaze.ca\/fr\/?post_type=product&p=5478","og_locale":"fr_FR","og_type":"article","og_title":"LevelPass - waterwaze","og_description":"Le LevelPass se franchit en s&rsquo;appuyant soigneusement avec les mains et les pieds sur des arches oppos\u00e9es, tandis que le d\u00e9placement pas \u00e0 pas sur la surface antid\u00e9rapante n\u00e9cessite une force et une coordination du haut du corps. Gr\u00e2ce \u00e0 sa conception en forme de pont, le passage situ\u00e9 en dessous reste ouvert, permettant le [&hellip;]","og_url":"https:\/\/waterwaze.ca\/fr\/?post_type=product&p=5478","og_site_name":"waterwaze","og_image":[{"width":1024,"height":683,"url":"https:\/\/waterwaze.ca\/wp-content\/uploads\/2025\/09\/0.3_30196_LevelPass_2026_WibitSports.jpg","type":"image\/jpeg"}],"twitter_card":"summary_large_image","schema":{"@context":"https:\/\/schema.org","@graph":[{"@type":"WebPage","@id":"https:\/\/waterwaze.ca\/fr\/?post_type=product&p=5478","url":"https:\/\/waterwaze.ca\/fr\/?post_type=product&p=5478","name":"LevelPass - waterwaze","isPartOf":{"@id":"https:\/\/waterwaze.ca\/#website"},"primaryImageOfPage":{"@id":"https:\/\/waterwaze.ca\/fr\/?post_type=product&p=5478#primaryimage"},"image":{"@id":"https:\/\/waterwaze.ca\/fr\/?post_type=product&p=5478#primaryimage"},"thumbnailUrl":"https:\/\/waterwaze.ca\/wp-content\/uploads\/2025\/09\/0.3_30196_LevelPass_2026_WibitSports.jpg","datePublished":"2025-09-18T15:22:47+00:00","breadcrumb":{"@id":"https:\/\/waterwaze.ca\/fr\/?post_type=product&p=5478#breadcrumb"},"inLanguage":"fr-FR","potentialAction":[{"@type":"ReadAction","target":["https:\/\/waterwaze.ca\/fr\/?post_type=product&p=5478"]}]},{"@type":"ImageObject","inLanguage":"fr-FR","@id":"https:\/\/waterwaze.ca\/fr\/?post_type=product&p=5478#primaryimage","url":"https:\/\/waterwaze.ca\/wp-content\/uploads\/2025\/09\/0.3_30196_LevelPass_2026_WibitSports.jpg","contentUrl":"https:\/\/waterwaze.ca\/wp-content\/uploads\/2025\/09\/0.3_30196_LevelPass_2026_WibitSports.jpg","width":1024,"height":683},{"@type":"BreadcrumbList","@id":"https:\/\/waterwaze.ca\/fr\/?post_type=product&p=5478#breadcrumb","itemListElement":[{"@type":"ListItem","position":1,"name":"Home","item":"https:\/\/waterwaze.ca\/"},{"@type":"ListItem","position":2,"name":"Boutique","item":"https:\/\/waterwaze.ca\/shop\/"},{"@type":"ListItem","position":3,"name":"Private: LevelPass"}]},{"@type":"WebSite","@id":"https:\/\/waterwaze.ca\/#website","url":"https:\/\/waterwaze.ca\/","name":"waterwaze","description":"CANADA\u2019S OPEN WATER &amp; COMMERCIAL POOL EXPERT","publisher":{"@id":"https:\/\/waterwaze.ca\/#organization"},"potentialAction":[{"@type":"SearchAction","target":{"@type":"EntryPoint","urlTemplate":"https:\/\/waterwaze.ca\/?s={search_term_string}"},"query-input":{"@type":"PropertyValueSpecification","valueRequired":true,"valueName":"search_term_string"}}],"inLanguage":"fr-FR"},{"@type":"Organization","@id":"https:\/\/waterwaze.ca\/#organization","name":"waterwaze","url":"https:\/\/waterwaze.ca\/","logo":{"@type":"ImageObject","inLanguage":"fr-FR","@id":"https:\/\/waterwaze.ca\/#\/schema\/logo\/image\/","url":"https:\/\/waterwaze.ca\/wp-content\/uploads\/2025\/02\/cropped-WaterWazeLogo-2.webp","contentUrl":"https:\/\/waterwaze.ca\/wp-content\/uploads\/2025\/02\/cropped-WaterWazeLogo-2.webp","width":500,"height":208,"caption":"waterwaze"},"image":{"@id":"https:\/\/waterwaze.ca\/#\/schema\/logo\/image\/"}}]}},"_links":{"self":[{"href":"https:\/\/waterwaze.ca\/fr\/wp-json\/wp\/v2\/product\/5478","targetHints":{"allow":["GET"]}}],"collection":[{"href":"https:\/\/waterwaze.ca\/fr\/wp-json\/wp\/v2\/product"}],"about":[{"href":"https:\/\/waterwaze.ca\/fr\/wp-json\/wp\/v2\/types\/product"}],"replies":[{"embeddable":true,"href":"https:\/\/waterwaze.ca\/fr\/wp-json\/wp\/v2\/comments?post=5478"}],"wp:featuredmedia":[{"embeddable":true,"href":"https:\/\/waterwaze.ca\/fr\/wp-json\/wp\/v2\/media\/5337"}],"wp:attachment":[{"href":"https:\/\/waterwaze.ca\/fr\/wp-json\/wp\/v2\/media?parent=5478"}],"wp:term":[{"taxonomy":"product_brand","embeddable":true,"href":"https:\/\/waterwaze.ca\/fr\/wp-json\/wp\/v2\/product_brand?post=5478"},{"taxonomy":"product_cat","embeddable":true,"href":"https:\/\/waterwaze.ca\/fr\/wp-json\/wp\/v2\/product_cat?post=5478"},{"taxonomy":"product_tag","embeddable":true,"href":"https:\/\/waterwaze.ca\/fr\/wp-json\/wp\/v2\/product_tag?post=5478"}],"curies":[{"name":"wp","href":"https:\/\/api.w.org\/{rel}","templated":true}]}}