{"id":5479,"date":"2025-09-18T15:59:30","date_gmt":"2025-09-18T12:59:30","guid":{"rendered":"https:\/\/waterwaze.ca\/?post_type=product&p=5479"},"modified":"2025-09-18T15:59:30","modified_gmt":"2025-09-18T12:59:30","slug":"quickjump-l","status":"publish","type":"product","link":"https:\/\/waterwaze.ca\/fr\/product\/quickjump-l\/","title":{"rendered":"QuickJump L"},"content":{"rendered":"<p>Le QuickJump L exige de la vitesse, de la coordination et de l&rsquo;habilet\u00e9 pour sauter d&rsquo;un pare-chocs \u00e0 l&rsquo;autre. Avec une longueur de six m\u00e8tres<x id=\"gid_0\"><\/x>et sept coussins de saut cons\u00e9cutifs, le module offre un d\u00e9fi athl\u00e9tique avec un facteur de plaisir \u00e9lev\u00e9. Gr\u00e2ce aux surfaces antid\u00e9rapantes des coussins, la s\u00e9curit\u00e9 est maintenue pendant les mouvements rapides.  <\/p>\n","protected":false},"excerpt":{"rendered":"<p>Le QuickJump L exige de la vitesse, de la coordination et de l&rsquo;habilet\u00e9 pour sauter d&rsquo;un pare-chocs \u00e0 l&rsquo;autre. Avec une longueur de six m\u00e8treset sept coussins de saut cons\u00e9cutifs, le module offre un d\u00e9fi athl\u00e9tique avec un facteur de plaisir \u00e9lev\u00e9. Gr\u00e2ce aux surfaces antid\u00e9rapantes des coussins, la s\u00e9curit\u00e9 est maintenue pendant les mouvements [&hellip;]<\/p>\n","protected":false},"featured_media":5305,"comment_status":"open","ping_status":"closed","template":"","meta":{"_acf_changed":false,"site-sidebar-layout":"default","site-content-layout":"","ast-site-content-layout":"default","site-content-style":"default","site-sidebar-style":"default","ast-global-header-display":"","ast-banner-title-visibility":"","ast-main-header-display":"","ast-hfb-above-header-display":"","ast-hfb-below-header-display":"","ast-hfb-mobile-header-display":"","site-post-title":"","ast-breadcrumbs-content":"","ast-featured-img":"","footer-sml-layout":"","ast-disable-related-posts":"","theme-transparent-header-meta":"default","adv-header-id-meta":"","stick-header-meta":"","header-above-stick-meta":"","header-main-stick-meta":"","header-below-stick-meta":"","astra-migrate-meta-layouts":"default","ast-page-background-enabled":"default","ast-page-background-meta":{"desktop":{"background-color":"","background-image":"","background-repeat":"repeat","background-position":"center center","background-size":"auto","background-attachment":"scroll","background-type":"","background-media":"","overlay-type":"","overlay-color":"","overlay-opacity":"","overlay-gradient":""},"tablet":{"background-color":"","background-image":"","background-repeat":"repeat","background-position":"center center","background-size":"auto","background-attachment":"scroll","background-type":"","background-media":"","overlay-type":"","overlay-color":"","overlay-opacity":"","overlay-gradient":""},"mobile":{"background-color":"","background-image":"","background-repeat":"repeat","background-position":"center center","background-size":"auto","background-attachment":"scroll","background-type":"","background-media":"","overlay-type":"","overlay-color":"","overlay-opacity":"","overlay-gradient":""}},"ast-content-background-meta":{"desktop":{"background-color":"var(--ast-global-color-5)","background-image":"","background-repeat":"repeat","background-position":"center center","background-size":"auto","background-attachment":"scroll","background-type":"","background-media":"","overlay-type":"","overlay-color":"","overlay-opacity":"","overlay-gradient":""},"tablet":{"background-color":"var(--ast-global-color-5)","background-image":"","background-repeat":"repeat","background-position":"center center","background-size":"auto","background-attachment":"scroll","background-type":"","background-media":"","overlay-type":"","overlay-color":"","overlay-opacity":"","overlay-gradient":""},"mobile":{"background-color":"var(--ast-global-color-5)","background-image":"","background-repeat":"repeat","background-position":"center center","background-size":"auto","background-attachment":"scroll","background-type":"","background-media":"","overlay-type":"","overlay-color":"","overlay-opacity":"","overlay-gradient":""}}},"product_brand":[],"product_cat":[57,60,61],"product_tag":[],"class_list":{"0":"post-5479","1":"product","2":"type-product","3":"status-publish","4":"has-post-thumbnail","6":"product_cat-eau-libre","7":"product_cat-piscine-commerciale","8":"product_cat-structures-gonflables","9":"desktop-align-left","10":"tablet-align-left","11":"mobile-align-left","12":"ast-product-gallery-layout-horizontal-slider","14":"first","15":"instock","16":"shipping-taxable","17":"purchasable","18":"product-type-simple"},"acf":[],"yoast_head":"<!-- This site is optimized with the Yoast SEO plugin v27.4 - https:\/\/yoast.com\/product\/yoast-seo-wordpress\/ -->\n<title>QuickJump L - waterwaze<\/title>\n<meta name=\"robots\" content=\"index, follow, max-snippet:-1, max-image-preview:large, max-video-preview:-1\" \/>\n<link rel=\"canonical\" href=\"https:\/\/waterwaze.ca\/fr\/?post_type=product&p=5479\" \/>\n<meta property=\"og:locale\" content=\"fr_FR\" \/>\n<meta property=\"og:type\" content=\"article\" \/>\n<meta property=\"og:title\" content=\"QuickJump L - waterwaze\" \/>\n<meta property=\"og:description\" content=\"Le QuickJump L exige de la vitesse, de la coordination et de l&rsquo;habilet\u00e9 pour sauter d&rsquo;un pare-chocs \u00e0 l&rsquo;autre. Avec une longueur de six m\u00e8treset sept coussins de saut cons\u00e9cutifs, le module offre un d\u00e9fi athl\u00e9tique avec un facteur de plaisir \u00e9lev\u00e9. Gr\u00e2ce aux surfaces antid\u00e9rapantes des coussins, la s\u00e9curit\u00e9 est maintenue pendant les mouvements [&hellip;]\" \/>\n<meta property=\"og:url\" content=\"https:\/\/waterwaze.ca\/fr\/?post_type=product&amp;p=5479\" \/>\n<meta property=\"og:site_name\" content=\"waterwaze\" \/>\n<meta property=\"og:image\" content=\"https:\/\/waterwaze.ca\/wp-content\/uploads\/2025\/09\/QuickJump-Medium.jpeg\" \/>\n\t<meta property=\"og:image:width\" content=\"640\" \/>\n\t<meta property=\"og:image:height\" content=\"480\" \/>\n\t<meta property=\"og:image:type\" content=\"image\/jpeg\" \/>\n<meta name=\"twitter:card\" content=\"summary_large_image\" \/>\n<script type=\"application\/ld+json\" class=\"yoast-schema-graph\">{\"@context\":\"https:\\\/\\\/schema.org\",\"@graph\":[{\"@type\":\"WebPage\",\"@id\":\"https:\\\/\\\/waterwaze.ca\\\/fr\\\/?post_type=product&p=5479\",\"url\":\"https:\\\/\\\/waterwaze.ca\\\/fr\\\/?post_type=product&p=5479\",\"name\":\"QuickJump L - waterwaze\",\"isPartOf\":{\"@id\":\"https:\\\/\\\/waterwaze.ca\\\/#website\"},\"primaryImageOfPage\":{\"@id\":\"https:\\\/\\\/waterwaze.ca\\\/fr\\\/?post_type=product&p=5479#primaryimage\"},\"image\":{\"@id\":\"https:\\\/\\\/waterwaze.ca\\\/fr\\\/?post_type=product&p=5479#primaryimage\"},\"thumbnailUrl\":\"https:\\\/\\\/waterwaze.ca\\\/wp-content\\\/uploads\\\/2025\\\/09\\\/QuickJump-Medium.jpeg\",\"datePublished\":\"2025-09-18T12:59:30+00:00\",\"breadcrumb\":{\"@id\":\"https:\\\/\\\/waterwaze.ca\\\/fr\\\/?post_type=product&p=5479#breadcrumb\"},\"inLanguage\":\"fr-FR\",\"potentialAction\":[{\"@type\":\"ReadAction\",\"target\":[\"https:\\\/\\\/waterwaze.ca\\\/fr\\\/?post_type=product&p=5479\"]}]},{\"@type\":\"ImageObject\",\"inLanguage\":\"fr-FR\",\"@id\":\"https:\\\/\\\/waterwaze.ca\\\/fr\\\/?post_type=product&p=5479#primaryimage\",\"url\":\"https:\\\/\\\/waterwaze.ca\\\/wp-content\\\/uploads\\\/2025\\\/09\\\/QuickJump-Medium.jpeg\",\"contentUrl\":\"https:\\\/\\\/waterwaze.ca\\\/wp-content\\\/uploads\\\/2025\\\/09\\\/QuickJump-Medium.jpeg\",\"width\":640,\"height\":480},{\"@type\":\"BreadcrumbList\",\"@id\":\"https:\\\/\\\/waterwaze.ca\\\/fr\\\/?post_type=product&p=5479#breadcrumb\",\"itemListElement\":[{\"@type\":\"ListItem\",\"position\":1,\"name\":\"Home\",\"item\":\"https:\\\/\\\/waterwaze.ca\\\/\"},{\"@type\":\"ListItem\",\"position\":2,\"name\":\"Boutique\",\"item\":\"https:\\\/\\\/waterwaze.ca\\\/shop\\\/\"},{\"@type\":\"ListItem\",\"position\":3,\"name\":\"Private: QuickJump L\"}]},{\"@type\":\"WebSite\",\"@id\":\"https:\\\/\\\/waterwaze.ca\\\/#website\",\"url\":\"https:\\\/\\\/waterwaze.ca\\\/\",\"name\":\"waterwaze\",\"description\":\"CANADA\u2019S OPEN WATER &amp; COMMERCIAL POOL EXPERT\",\"publisher\":{\"@id\":\"https:\\\/\\\/waterwaze.ca\\\/#organization\"},\"potentialAction\":[{\"@type\":\"SearchAction\",\"target\":{\"@type\":\"EntryPoint\",\"urlTemplate\":\"https:\\\/\\\/waterwaze.ca\\\/?s={search_term_string}\"},\"query-input\":{\"@type\":\"PropertyValueSpecification\",\"valueRequired\":true,\"valueName\":\"search_term_string\"}}],\"inLanguage\":\"fr-FR\"},{\"@type\":\"Organization\",\"@id\":\"https:\\\/\\\/waterwaze.ca\\\/#organization\",\"name\":\"waterwaze\",\"url\":\"https:\\\/\\\/waterwaze.ca\\\/\",\"logo\":{\"@type\":\"ImageObject\",\"inLanguage\":\"fr-FR\",\"@id\":\"https:\\\/\\\/waterwaze.ca\\\/#\\\/schema\\\/logo\\\/image\\\/\",\"url\":\"https:\\\/\\\/waterwaze.ca\\\/wp-content\\\/uploads\\\/2025\\\/02\\\/cropped-WaterWazeLogo-2.webp\",\"contentUrl\":\"https:\\\/\\\/waterwaze.ca\\\/wp-content\\\/uploads\\\/2025\\\/02\\\/cropped-WaterWazeLogo-2.webp\",\"width\":500,\"height\":208,\"caption\":\"waterwaze\"},\"image\":{\"@id\":\"https:\\\/\\\/waterwaze.ca\\\/#\\\/schema\\\/logo\\\/image\\\/\"}}]}<\/script>\n<!-- \/ Yoast SEO plugin. -->","yoast_head_json":{"title":"QuickJump L - waterwaze","robots":{"index":"index","follow":"follow","max-snippet":"max-snippet:-1","max-image-preview":"max-image-preview:large","max-video-preview":"max-video-preview:-1"},"canonical":"https:\/\/waterwaze.ca\/fr\/?post_type=product&p=5479","og_locale":"fr_FR","og_type":"article","og_title":"QuickJump L - waterwaze","og_description":"Le QuickJump L exige de la vitesse, de la coordination et de l&rsquo;habilet\u00e9 pour sauter d&rsquo;un pare-chocs \u00e0 l&rsquo;autre. Avec une longueur de six m\u00e8treset sept coussins de saut cons\u00e9cutifs, le module offre un d\u00e9fi athl\u00e9tique avec un facteur de plaisir \u00e9lev\u00e9. Gr\u00e2ce aux surfaces antid\u00e9rapantes des coussins, la s\u00e9curit\u00e9 est maintenue pendant les mouvements [&hellip;]","og_url":"https:\/\/waterwaze.ca\/fr\/?post_type=product&p=5479","og_site_name":"waterwaze","og_image":[{"width":640,"height":480,"url":"https:\/\/waterwaze.ca\/wp-content\/uploads\/2025\/09\/QuickJump-Medium.jpeg","type":"image\/jpeg"}],"twitter_card":"summary_large_image","schema":{"@context":"https:\/\/schema.org","@graph":[{"@type":"WebPage","@id":"https:\/\/waterwaze.ca\/fr\/?post_type=product&p=5479","url":"https:\/\/waterwaze.ca\/fr\/?post_type=product&p=5479","name":"QuickJump L - waterwaze","isPartOf":{"@id":"https:\/\/waterwaze.ca\/#website"},"primaryImageOfPage":{"@id":"https:\/\/waterwaze.ca\/fr\/?post_type=product&p=5479#primaryimage"},"image":{"@id":"https:\/\/waterwaze.ca\/fr\/?post_type=product&p=5479#primaryimage"},"thumbnailUrl":"https:\/\/waterwaze.ca\/wp-content\/uploads\/2025\/09\/QuickJump-Medium.jpeg","datePublished":"2025-09-18T12:59:30+00:00","breadcrumb":{"@id":"https:\/\/waterwaze.ca\/fr\/?post_type=product&p=5479#breadcrumb"},"inLanguage":"fr-FR","potentialAction":[{"@type":"ReadAction","target":["https:\/\/waterwaze.ca\/fr\/?post_type=product&p=5479"]}]},{"@type":"ImageObject","inLanguage":"fr-FR","@id":"https:\/\/waterwaze.ca\/fr\/?post_type=product&p=5479#primaryimage","url":"https:\/\/waterwaze.ca\/wp-content\/uploads\/2025\/09\/QuickJump-Medium.jpeg","contentUrl":"https:\/\/waterwaze.ca\/wp-content\/uploads\/2025\/09\/QuickJump-Medium.jpeg","width":640,"height":480},{"@type":"BreadcrumbList","@id":"https:\/\/waterwaze.ca\/fr\/?post_type=product&p=5479#breadcrumb","itemListElement":[{"@type":"ListItem","position":1,"name":"Home","item":"https:\/\/waterwaze.ca\/"},{"@type":"ListItem","position":2,"name":"Boutique","item":"https:\/\/waterwaze.ca\/shop\/"},{"@type":"ListItem","position":3,"name":"Private: QuickJump L"}]},{"@type":"WebSite","@id":"https:\/\/waterwaze.ca\/#website","url":"https:\/\/waterwaze.ca\/","name":"waterwaze","description":"CANADA\u2019S OPEN WATER &amp; COMMERCIAL POOL EXPERT","publisher":{"@id":"https:\/\/waterwaze.ca\/#organization"},"potentialAction":[{"@type":"SearchAction","target":{"@type":"EntryPoint","urlTemplate":"https:\/\/waterwaze.ca\/?s={search_term_string}"},"query-input":{"@type":"PropertyValueSpecification","valueRequired":true,"valueName":"search_term_string"}}],"inLanguage":"fr-FR"},{"@type":"Organization","@id":"https:\/\/waterwaze.ca\/#organization","name":"waterwaze","url":"https:\/\/waterwaze.ca\/","logo":{"@type":"ImageObject","inLanguage":"fr-FR","@id":"https:\/\/waterwaze.ca\/#\/schema\/logo\/image\/","url":"https:\/\/waterwaze.ca\/wp-content\/uploads\/2025\/02\/cropped-WaterWazeLogo-2.webp","contentUrl":"https:\/\/waterwaze.ca\/wp-content\/uploads\/2025\/02\/cropped-WaterWazeLogo-2.webp","width":500,"height":208,"caption":"waterwaze"},"image":{"@id":"https:\/\/waterwaze.ca\/#\/schema\/logo\/image\/"}}]}},"_links":{"self":[{"href":"https:\/\/waterwaze.ca\/fr\/wp-json\/wp\/v2\/product\/5479","targetHints":{"allow":["GET"]}}],"collection":[{"href":"https:\/\/waterwaze.ca\/fr\/wp-json\/wp\/v2\/product"}],"about":[{"href":"https:\/\/waterwaze.ca\/fr\/wp-json\/wp\/v2\/types\/product"}],"replies":[{"embeddable":true,"href":"https:\/\/waterwaze.ca\/fr\/wp-json\/wp\/v2\/comments?post=5479"}],"wp:featuredmedia":[{"embeddable":true,"href":"https:\/\/waterwaze.ca\/fr\/wp-json\/wp\/v2\/media\/5305"}],"wp:attachment":[{"href":"https:\/\/waterwaze.ca\/fr\/wp-json\/wp\/v2\/media?parent=5479"}],"wp:term":[{"taxonomy":"product_brand","embeddable":true,"href":"https:\/\/waterwaze.ca\/fr\/wp-json\/wp\/v2\/product_brand?post=5479"},{"taxonomy":"product_cat","embeddable":true,"href":"https:\/\/waterwaze.ca\/fr\/wp-json\/wp\/v2\/product_cat?post=5479"},{"taxonomy":"product_tag","embeddable":true,"href":"https:\/\/waterwaze.ca\/fr\/wp-json\/wp\/v2\/product_tag?post=5479"}],"curies":[{"name":"wp","href":"https:\/\/api.w.org\/{rel}","templated":true}]}}